{"id":14795,"date":"2021-05-14T21:49:06","date_gmt":"2021-05-14T18:49:06","guid":{"rendered":"https:\/\/de.hesmarkt.com\/?page_id=14795"},"modified":"2022-05-09T08:05:24","modified_gmt":"2022-05-09T05:05:24","slug":"kariyer","status":"publish","type":"page","link":"https:\/\/de.hesmarkt.com\/en\/ueber-uns\/kariyer\/","title":{"rendered":"Karriere"},"content":{"rendered":"<p>[vc_row][vc_column][vc_empty_space height=&#8221;60px&#8221;][\/vc_column][\/vc_row][vc_row][vc_column width=&#8221;1\/2&#8243;][vc_column_text]<\/p>\n<h2>HES Markt&#8217; ta Kariyer<\/h2>\n<p>HES Marka Grup olarak ba\u015far\u0131m\u0131z\u0131n, en de\u011ferli varl\u0131\u011f\u0131m\u0131z olarak g\u00f6rd\u00fc\u011f\u00fcm\u00fcz \u00e7al\u0131\u015fanlar\u0131m\u0131za ba\u011fl\u0131 oldu\u011funa inan\u0131yoruz. Bu kapsamda, HES Marka Grup de\u011ferlerini benimseyen, \u015firket dinamizminin gerektirdi\u011fi yetkinliklere sahip, m\u00fc\u015fterinin \u00f6nemini bilen, \u00f6\u011frenme ve geli\u015fmeye istekli, y\u00fcksek performans\u0131 uzun d\u00f6nemli s\u00fcrd\u00fcrebilen \u00e7al\u0131\u015fanlar\u0131 \u015firketimize kazand\u0131rmak, onlar\u0131n mesleki ve ki\u015fisel geli\u015fimlerine katk\u0131 sa\u011flamak, potansiyellerini en verimli \u015fekilde kullanmalar\u0131na olanak tan\u0131may\u0131 hedefliyoruz.<\/p>\n<p>Bu ailenin bir \u00fcyesi olmak veya staj ba\u015fvurusu yapmak isterseniz, formu doldurup CV\u2019nizi y\u00fckleyerek \u201cG\u00f6nder\u201d butonuna t\u0131klayabilir ya da kariyer@hesmarkt.com\u2019 a mail atabilirsiniz.<\/p>\n<p>Ba\u015fvurunuz \u0130nsan Kaynaklar\u0131 Departman\u0131m\u0131z taraf\u0131ndan de\u011ferlendirilecek ve uygun g\u00f6r\u00fcld\u00fc\u011f\u00fc takdirde sizinle ileti\u015fime ge\u00e7ilecektir.[\/vc_column_text][\/vc_column][vc_column width=&#8221;1\/2&#8243;]<div role=\"form\" class=\"wpcf7\" id=\"wpcf7-f14794-o1\" lang=\"de-DE\" dir=\"ltr\">\n<div class=\"screen-reader-response\"><p role=\"status\" aria-live=\"polite\" aria-atomic=\"true\"><\/p> <ul><\/ul><\/div>\n<form action=\"\/en\/wp-json\/wp\/v2\/pages\/14795#wpcf7-f14794-o1\" method=\"post\" class=\"wpcf7-form init\" enctype=\"multipart\/form-data\" novalidate=\"novalidate\" data-status=\"init\">\n<div style=\"display: none;\">\n<input type=\"hidden\" name=\"_wpcf7\" value=\"14794\" \/>\n<input type=\"hidden\" name=\"_wpcf7_version\" value=\"5.5.6\" \/>\n<input type=\"hidden\" name=\"_wpcf7_locale\" value=\"de_DE\" \/>\n<input type=\"hidden\" name=\"_wpcf7_unit_tag\" value=\"wpcf7-f14794-o1\" \/>\n<input type=\"hidden\" name=\"_wpcf7_container_post\" value=\"0\" \/>\n<input type=\"hidden\" name=\"_wpcf7_posted_data_hash\" value=\"\" \/>\n<input type=\"hidden\" name=\"_wpcf7_recaptcha_response\" value=\"\" \/>\n<\/div>\n<div class=\"contact-form-footer\">\n<div class=\"row\">\n<div class=\"lt-col large-6 columns\">\n<label> Ihr Name*<br \/>\n           <span class=\"wpcf7-form-control-wrap digi-name\"><input type=\"text\" name=\"digi-name\" value=\"\" size=\"40\" class=\"wpcf7-form-control wpcf7-text wpcf7-validates-as-required\" aria-required=\"true\" aria-invalid=\"false\" placeholder=\"Ihr Name\" \/><\/span> <\/label><\/p>\n<\/div>\n<div class=\"lt-col large-6 columns\">\n       <label> Titel des Themas*<br \/>\n<span class=\"wpcf7-form-control-wrap digi-subject\"><input type=\"text\" name=\"digi-subject\" value=\"\" size=\"40\" class=\"wpcf7-form-control wpcf7-text wpcf7-validates-as-required\" aria-required=\"true\" aria-invalid=\"false\" placeholder=\"Titel des Themas\" \/><\/span><br \/>\n         <\/label>\n    <\/div>\n<\/div>\n<div class=\"row\">\n<div class=\"lt-col large-6 columns\">\n          <label> Ihre Telefonnummer*<br \/>\n          <span class=\"wpcf7-form-control-wrap digi-tel\"><input type=\"text\" name=\"digi-tel\" value=\"\" size=\"40\" class=\"wpcf7-form-control wpcf7-text wpcf7-validates-as-required\" aria-required=\"true\" aria-invalid=\"false\" placeholder=\"Ihre Telefonnummer\" \/><\/span> <\/label>\n    <\/div>\n<div class=\"lt-col large-6 columns\">\n       <label> E-Mail Adresse*<br \/>\n          <span class=\"wpcf7-form-control-wrap digi-email\"><input type=\"email\" name=\"digi-email\" value=\"\" size=\"40\" class=\"wpcf7-form-control wpcf7-text wpcf7-email wpcf7-validates-as-required wpcf7-validates-as-email\" aria-required=\"true\" aria-invalid=\"false\" placeholder=\"E-Mail Adresse\" \/><\/span> <\/label>\n    <\/div>\n<\/div>\n<div class=\"row\">\n<div class=\"large-12 columns\">\n         <label> Ihre Nachricht<br \/>\n         <span class=\"wpcf7-form-control-wrap digi-message\"><textarea name=\"digi-message\" cols=\"100\" rows=\"10\" class=\"wpcf7-form-control wpcf7-textarea\" aria-invalid=\"false\" placeholder=\"Ihre Nachricht\"><\/textarea><\/span><\/label>\n    <\/div>\n<\/div>\n<div class=\"row\">\n<div class=\"lt-col large-6 columns\">\n    <label> \u0130lgili Dosya Varsa Y\u00fckleyin (Maks. 5MB)<br \/>\n       <span class=\"wpcf7-form-control-wrap DosyaYukle\"><input type=\"file\" name=\"DosyaYukle\" size=\"40\" class=\"wpcf7-form-control wpcf7-file cf7sub\" accept=\".jpg,.jpeg,.pdf,.doc,.docx\" aria-invalid=\"false\" \/><\/span><\/label><br \/>\n  <br\/><br\/><br\/> <input type=\"submit\" value=\"Senden\" class=\"wpcf7-form-control has-spinner wpcf7-submit\" \/>\n    <\/div>\n<div class=\"lt-col large-6 columns\">\n<p>         Diese Seite ist durch Google reCAPTCHA gesch\u00fctzt.<br \/>\n<a href=\"https:\/\/policies.google.com\/privacy\">Google Gizlilik Politikas\u0131<\/a><br \/>\n<a href=\"https:\/\/policies.google.com\/terms\">Google Hizmet S\u00f6zle\u015fmesi<\/a><\/p>\n<\/div>\n<\/div>\n<\/div>\n<div class=\"wpcf7-response-output\" aria-hidden=\"true\"><\/div><\/form><\/div>[\/vc_column][\/vc_row][vc_row][vc_column][vc_empty_space height=&#8221;60px&#8221;][\/vc_column][\/vc_row]<\/p>\n","protected":false},"excerpt":{"rendered":"<p>[vc_row][vc_column][vc_empty_space height=&#8221;60px&#8221;][\/vc_column][\/vc_row][vc_row][vc_column width=&#8221;1\/2&#8243;][vc_column_text] HES Markt&#8217; ta Kariyer HES Marka Grup olarak ba\u015far\u0131m\u0131z\u0131n, en de\u011ferli varl\u0131\u011f\u0131m\u0131z olarak g\u00f6rd\u00fc\u011f\u00fcm\u00fcz \u00e7al\u0131\u015fanlar\u0131m\u0131za ba\u011fl\u0131 oldu\u011funa inan\u0131yoruz. Bu kapsamda, HES Marka Grup de\u011ferlerini benimseyen, \u015firket dinamizminin gerektirdi\u011fi yetkinliklere sahip, m\u00fc\u015fterinin \u00f6nemini bilen, \u00f6\u011frenme ve geli\u015fmeye istekli, y\u00fcksek performans\u0131 uzun d\u00f6nemli s\u00fcrd\u00fcrebilen \u00e7al\u0131\u015fanlar\u0131 \u015firketimize kazand\u0131rmak, onlar\u0131n mesleki ve ki\u015fisel geli\u015fimlerine katk\u0131 sa\u011flamak, [&hellip;]<\/p>\n","protected":false},"author":5,"featured_media":0,"parent":14737,"menu_order":0,"comment_status":"closed","ping_status":"closed","template":"","meta":[],"yoast_head":"<!-- This site is optimized with the Yoast SEO plugin v18.8 - https:\/\/yoast.com\/wordpress\/plugins\/seo\/ -->\n<title>Karriere - Hes Markt<\/title>\n<meta name=\"robots\" content=\"index, follow, max-snippet:-1, max-image-preview:large, max-video-preview:-1\" \/>\n<link rel=\"canonical\" href=\"https:\/\/de.hesmarkt.com\/ueber-uns\/kariyer\/\" \/>\n<meta property=\"og:locale\" content=\"en_US\" \/>\n<meta property=\"og:type\" content=\"article\" \/>\n<meta property=\"og:title\" content=\"Karriere - Hes Markt\" \/>\n<meta property=\"og:description\" content=\"[vc_row][vc_column][vc_empty_space height=&#8221;60px&#8221;][\/vc_column][\/vc_row][vc_row][vc_column width=&#8221;1\/2&#8243;][vc_column_text] HES Markt&#8217; ta Kariyer HES Marka Grup olarak ba\u015far\u0131m\u0131z\u0131n, en de\u011ferli varl\u0131\u011f\u0131m\u0131z olarak g\u00f6rd\u00fc\u011f\u00fcm\u00fcz \u00e7al\u0131\u015fanlar\u0131m\u0131za ba\u011fl\u0131 oldu\u011funa inan\u0131yoruz. Bu kapsamda, HES Marka Grup de\u011ferlerini benimseyen, \u015firket dinamizminin gerektirdi\u011fi yetkinliklere sahip, m\u00fc\u015fterinin \u00f6nemini bilen, \u00f6\u011frenme ve geli\u015fmeye istekli, y\u00fcksek performans\u0131 uzun d\u00f6nemli s\u00fcrd\u00fcrebilen \u00e7al\u0131\u015fanlar\u0131 \u015firketimize kazand\u0131rmak, onlar\u0131n mesleki ve ki\u015fisel geli\u015fimlerine katk\u0131 sa\u011flamak, [&hellip;]\" \/>\n<meta property=\"og:url\" content=\"https:\/\/de.hesmarkt.com\/ueber-uns\/kariyer\/\" \/>\n<meta property=\"og:site_name\" content=\"Hes Markt\" \/>\n<meta property=\"article:modified_time\" content=\"2022-05-09T05:05:24+00:00\" \/>\n<meta name=\"twitter:card\" content=\"summary_large_image\" \/>\n<meta name=\"twitter:label1\" content=\"Est. reading time\" \/>\n\t<meta name=\"twitter:data1\" content=\"1 minute\" \/>\n<script type=\"application\/ld+json\" class=\"yoast-schema-graph\">{\"@context\":\"https:\/\/schema.org\",\"@graph\":[{\"@type\":\"WebSite\",\"@id\":\"https:\/\/de.hesmarkt.com\/#website\",\"url\":\"https:\/\/de.hesmarkt.com\/\",\"name\":\"Hes Markt\",\"description\":\"\",\"potentialAction\":[{\"@type\":\"SearchAction\",\"target\":{\"@type\":\"EntryPoint\",\"urlTemplate\":\"https:\/\/de.hesmarkt.com\/?s={search_term_string}\"},\"query-input\":\"required name=search_term_string\"}],\"inLanguage\":\"en-US\"},{\"@type\":\"WebPage\",\"@id\":\"https:\/\/de.hesmarkt.com\/ueber-uns\/kariyer\/#webpage\",\"url\":\"https:\/\/de.hesmarkt.com\/ueber-uns\/kariyer\/\",\"name\":\"Karriere - Hes Markt\",\"isPartOf\":{\"@id\":\"https:\/\/de.hesmarkt.com\/#website\"},\"datePublished\":\"2021-05-14T18:49:06+00:00\",\"dateModified\":\"2022-05-09T05:05:24+00:00\",\"breadcrumb\":{\"@id\":\"https:\/\/de.hesmarkt.com\/ueber-uns\/kariyer\/#breadcrumb\"},\"inLanguage\":\"en-US\",\"potentialAction\":[{\"@type\":\"ReadAction\",\"target\":[\"https:\/\/de.hesmarkt.com\/ueber-uns\/kariyer\/\"]}]},{\"@type\":\"BreadcrumbList\",\"@id\":\"https:\/\/de.hesmarkt.com\/ueber-uns\/kariyer\/#breadcrumb\",\"itemListElement\":[{\"@type\":\"ListItem\",\"position\":1,\"name\":\"Anasayfa\",\"item\":\"https:\/\/de.hesmarkt.com\/en\/\"},{\"@type\":\"ListItem\",\"position\":2,\"name\":\"\u00dcber Uns\",\"item\":\"https:\/\/de.hesmarkt.com\/ueber-uns\/\"},{\"@type\":\"ListItem\",\"position\":3,\"name\":\"Karriere\"}]}]}<\/script>\n<!-- \/ Yoast SEO plugin. -->","yoast_head_json":{"title":"Karriere - Hes Markt","robots":{"index":"index","follow":"follow","max-snippet":"max-snippet:-1","max-image-preview":"max-image-preview:large","max-video-preview":"max-video-preview:-1"},"canonical":"https:\/\/de.hesmarkt.com\/ueber-uns\/kariyer\/","og_locale":"en_US","og_type":"article","og_title":"Karriere - Hes Markt","og_description":"[vc_row][vc_column][vc_empty_space height=&#8221;60px&#8221;][\/vc_column][\/vc_row][vc_row][vc_column width=&#8221;1\/2&#8243;][vc_column_text] HES Markt&#8217; ta Kariyer HES Marka Grup olarak ba\u015far\u0131m\u0131z\u0131n, en de\u011ferli varl\u0131\u011f\u0131m\u0131z olarak g\u00f6rd\u00fc\u011f\u00fcm\u00fcz \u00e7al\u0131\u015fanlar\u0131m\u0131za ba\u011fl\u0131 oldu\u011funa inan\u0131yoruz. Bu kapsamda, HES Marka Grup de\u011ferlerini benimseyen, \u015firket dinamizminin gerektirdi\u011fi yetkinliklere sahip, m\u00fc\u015fterinin \u00f6nemini bilen, \u00f6\u011frenme ve geli\u015fmeye istekli, y\u00fcksek performans\u0131 uzun d\u00f6nemli s\u00fcrd\u00fcrebilen \u00e7al\u0131\u015fanlar\u0131 \u015firketimize kazand\u0131rmak, onlar\u0131n mesleki ve ki\u015fisel geli\u015fimlerine katk\u0131 sa\u011flamak, [&hellip;]","og_url":"https:\/\/de.hesmarkt.com\/ueber-uns\/kariyer\/","og_site_name":"Hes Markt","article_modified_time":"2022-05-09T05:05:24+00:00","twitter_card":"summary_large_image","twitter_misc":{"Est. reading time":"1 minute"},"schema":{"@context":"https:\/\/schema.org","@graph":[{"@type":"WebSite","@id":"https:\/\/de.hesmarkt.com\/#website","url":"https:\/\/de.hesmarkt.com\/","name":"Hes Markt","description":"","potentialAction":[{"@type":"SearchAction","target":{"@type":"EntryPoint","urlTemplate":"https:\/\/de.hesmarkt.com\/?s={search_term_string}"},"query-input":"required name=search_term_string"}],"inLanguage":"en-US"},{"@type":"WebPage","@id":"https:\/\/de.hesmarkt.com\/ueber-uns\/kariyer\/#webpage","url":"https:\/\/de.hesmarkt.com\/ueber-uns\/kariyer\/","name":"Karriere - Hes Markt","isPartOf":{"@id":"https:\/\/de.hesmarkt.com\/#website"},"datePublished":"2021-05-14T18:49:06+00:00","dateModified":"2022-05-09T05:05:24+00:00","breadcrumb":{"@id":"https:\/\/de.hesmarkt.com\/ueber-uns\/kariyer\/#breadcrumb"},"inLanguage":"en-US","potentialAction":[{"@type":"ReadAction","target":["https:\/\/de.hesmarkt.com\/ueber-uns\/kariyer\/"]}]},{"@type":"BreadcrumbList","@id":"https:\/\/de.hesmarkt.com\/ueber-uns\/kariyer\/#breadcrumb","itemListElement":[{"@type":"ListItem","position":1,"name":"Anasayfa","item":"https:\/\/de.hesmarkt.com\/en\/"},{"@type":"ListItem","position":2,"name":"\u00dcber Uns","item":"https:\/\/de.hesmarkt.com\/ueber-uns\/"},{"@type":"ListItem","position":3,"name":"Karriere"}]}]}},"_links":{"self":[{"href":"https:\/\/de.hesmarkt.com\/en\/wp-json\/wp\/v2\/pages\/14795"}],"collection":[{"href":"https:\/\/de.hesmarkt.com\/en\/wp-json\/wp\/v2\/pages"}],"about":[{"href":"https:\/\/de.hesmarkt.com\/en\/wp-json\/wp\/v2\/types\/page"}],"author":[{"embeddable":true,"href":"https:\/\/de.hesmarkt.com\/en\/wp-json\/wp\/v2\/users\/5"}],"replies":[{"embeddable":true,"href":"https:\/\/de.hesmarkt.com\/en\/wp-json\/wp\/v2\/comments?post=14795"}],"version-history":[{"count":7,"href":"https:\/\/de.hesmarkt.com\/en\/wp-json\/wp\/v2\/pages\/14795\/revisions"}],"predecessor-version":[{"id":19703,"href":"https:\/\/de.hesmarkt.com\/en\/wp-json\/wp\/v2\/pages\/14795\/revisions\/19703"}],"up":[{"embeddable":true,"href":"https:\/\/de.hesmarkt.com\/en\/wp-json\/wp\/v2\/pages\/14737"}],"wp:attachment":[{"href":"https:\/\/de.hesmarkt.com\/en\/wp-json\/wp\/v2\/media?parent=14795"}],"curies":[{"name":"wp","href":"https:\/\/api.w.org\/{rel}","templated":true}]}}