{"id":19722,"date":"2021-06-03T09:29:26","date_gmt":"2021-06-03T06:29:26","guid":{"rendered":"https:\/\/de.hesmarkt.com\/about-us\/impressum\/"},"modified":"2022-08-06T02:40:35","modified_gmt":"2022-08-05T23:40:35","slug":"imprint","status":"publish","type":"page","link":"https:\/\/de.hesmarkt.com\/en\/about-us\/imprint\/","title":{"rendered":"Imprint"},"content":{"rendered":"<p>[vc_row][vc_column][vc_empty_space][vc_row_inner][vc_column_inner width=&#8221;1\/2&#8243;][vc_single_image image=&#8221;18401&#8243; img_size=&#8221;full&#8221;][\/vc_column_inner][vc_column_inner width=&#8221;1\/2&#8243;][vc_column_text]<strong>ERS\u0130N ERDO\u011eAN- HES DESIGN <\/strong><\/p>\n<p><strong>Address: <\/strong>Wilhelmplatz 11A 47918 T\u00f6nisvorst-Viersen(Kreis) Deutschland<\/p>\n<p><strong>E-mail: info@hesmarkt.com<\/strong><\/p>\n<p><strong>Tax Administration: <\/strong>Dortmund- Unna<\/p>\n<p><strong>UST-IDNR: <\/strong>DE282590941<\/p>\n<p><strong>EU NUMMER\/EORI No: <\/strong>DE783316033466179<\/p>\n<p><strong>Tax Number:<\/strong> 316\/5937\/1971<\/p>\n<p>&nbsp;<\/p>\n<p><strong>BANK INFORMATION<\/strong><\/p>\n<p><strong>DEUTSCHE BANK<\/strong>\u00a0 <strong>BIC: <\/strong>DEUTDEDB390<\/p>\n<p><strong>IBAN:<\/strong> DE96 3907 0024 0180 4038 00<\/p>\n<p><strong>BLZ:<\/strong> 39070024<\/p>\n<p><strong>KONTO:<\/strong> 320 180 4038 00<\/p>\n<p><strong>Chairman of The Board:<\/strong> Ersin ERDO\u011eAN<\/p>\n<p><strong>For Help:<\/strong> <a href=\"mailto:info@hesmarkt.com\">info@hesmarkt.com<\/a>[\/vc_column_text][\/vc_column_inner][\/vc_row_inner][vc_empty_space][\/vc_column][\/vc_row]<\/p>\n","protected":false},"excerpt":{"rendered":"<p>[vc_row][vc_column][vc_empty_space][vc_row_inner][vc_column_inner width=&#8221;1\/2&#8243;][vc_single_image image=&#8221;18401&#8243; img_size=&#8221;full&#8221;][\/vc_column_inner][vc_column_inner width=&#8221;1\/2&#8243;][vc_column_text]ERS\u0130N ERDO\u011eAN- HES DESIGN Address: Wilhelmplatz 11A 47918 T\u00f6nisvorst-Viersen(Kreis) Deutschland E-mail: info@hesmarkt.com Tax Administration: Dortmund- Unna UST-IDNR: DE282590941 EU NUMMER\/EORI No: DE783316033466179 Tax Number: 316\/5937\/1971 &nbsp; BANK INFORMATION DEUTSCHE BANK\u00a0 BIC: DEUTDEDB390 IBAN: DE96 3907 0024 0180 4038 00 BLZ: 39070024 KONTO: 320 180 4038 00 Chairman of The Board: Ersin [&hellip;]<\/p>\n","protected":false},"author":5,"featured_media":0,"parent":19618,"menu_order":0,"comment_status":"closed","ping_status":"closed","template":"","meta":[],"yoast_head":"<!-- This site is optimized with the Yoast SEO plugin v18.8 - https:\/\/yoast.com\/wordpress\/plugins\/seo\/ -->\n<title>Imprint - Hes Markt<\/title>\n<meta name=\"robots\" content=\"index, follow, max-snippet:-1, max-image-preview:large, max-video-preview:-1\" \/>\n<link rel=\"canonical\" href=\"https:\/\/de.hesmarkt.com\/en\/about-us\/imprint\/\" \/>\n<meta property=\"og:locale\" content=\"en_US\" \/>\n<meta property=\"og:type\" content=\"article\" \/>\n<meta property=\"og:title\" content=\"Imprint - Hes Markt\" \/>\n<meta property=\"og:description\" content=\"[vc_row][vc_column][vc_empty_space][vc_row_inner][vc_column_inner width=&#8221;1\/2&#8243;][vc_single_image image=&#8221;18401&#8243; img_size=&#8221;full&#8221;][\/vc_column_inner][vc_column_inner width=&#8221;1\/2&#8243;][vc_column_text]ERS\u0130N ERDO\u011eAN- HES DESIGN Address: Wilhelmplatz 11A 47918 T\u00f6nisvorst-Viersen(Kreis) Deutschland E-mail: info@hesmarkt.com Tax Administration: Dortmund- Unna UST-IDNR: DE282590941 EU NUMMER\/EORI No: DE783316033466179 Tax Number: 316\/5937\/1971 &nbsp; BANK INFORMATION DEUTSCHE BANK\u00a0 BIC: DEUTDEDB390 IBAN: DE96 3907 0024 0180 4038 00 BLZ: 39070024 KONTO: 320 180 4038 00 Chairman of The Board: Ersin [&hellip;]\" \/>\n<meta property=\"og:url\" content=\"https:\/\/de.hesmarkt.com\/en\/about-us\/imprint\/\" \/>\n<meta property=\"og:site_name\" content=\"Hes Markt\" \/>\n<meta property=\"article:modified_time\" content=\"2022-08-05T23:40:35+00:00\" \/>\n<meta name=\"twitter:card\" content=\"summary_large_image\" \/>\n<meta name=\"twitter:label1\" content=\"Est. reading time\" \/>\n\t<meta name=\"twitter:data1\" content=\"1 minute\" \/>\n<script type=\"application\/ld+json\" class=\"yoast-schema-graph\">{\"@context\":\"https:\/\/schema.org\",\"@graph\":[{\"@type\":\"WebSite\",\"@id\":\"https:\/\/de.hesmarkt.com\/#website\",\"url\":\"https:\/\/de.hesmarkt.com\/\",\"name\":\"Hes Markt\",\"description\":\"\",\"potentialAction\":[{\"@type\":\"SearchAction\",\"target\":{\"@type\":\"EntryPoint\",\"urlTemplate\":\"https:\/\/de.hesmarkt.com\/?s={search_term_string}\"},\"query-input\":\"required name=search_term_string\"}],\"inLanguage\":\"en-US\"},{\"@type\":\"WebPage\",\"@id\":\"https:\/\/de.hesmarkt.com\/en\/about-us\/imprint\/#webpage\",\"url\":\"https:\/\/de.hesmarkt.com\/en\/about-us\/imprint\/\",\"name\":\"Imprint - Hes Markt\",\"isPartOf\":{\"@id\":\"https:\/\/de.hesmarkt.com\/#website\"},\"datePublished\":\"2021-06-03T06:29:26+00:00\",\"dateModified\":\"2022-08-05T23:40:35+00:00\",\"breadcrumb\":{\"@id\":\"https:\/\/de.hesmarkt.com\/en\/about-us\/imprint\/#breadcrumb\"},\"inLanguage\":\"en-US\",\"potentialAction\":[{\"@type\":\"ReadAction\",\"target\":[\"https:\/\/de.hesmarkt.com\/en\/about-us\/imprint\/\"]}]},{\"@type\":\"BreadcrumbList\",\"@id\":\"https:\/\/de.hesmarkt.com\/en\/about-us\/imprint\/#breadcrumb\",\"itemListElement\":[{\"@type\":\"ListItem\",\"position\":1,\"name\":\"Anasayfa\",\"item\":\"https:\/\/de.hesmarkt.com\/en\/\"},{\"@type\":\"ListItem\",\"position\":2,\"name\":\"About Us\",\"item\":\"https:\/\/de.hesmarkt.com\/en\/about-us\/\"},{\"@type\":\"ListItem\",\"position\":3,\"name\":\"Imprint\"}]}]}<\/script>\n<!-- \/ Yoast SEO plugin. -->","yoast_head_json":{"title":"Imprint - Hes Markt","robots":{"index":"index","follow":"follow","max-snippet":"max-snippet:-1","max-image-preview":"max-image-preview:large","max-video-preview":"max-video-preview:-1"},"canonical":"https:\/\/de.hesmarkt.com\/en\/about-us\/imprint\/","og_locale":"en_US","og_type":"article","og_title":"Imprint - Hes Markt","og_description":"[vc_row][vc_column][vc_empty_space][vc_row_inner][vc_column_inner width=&#8221;1\/2&#8243;][vc_single_image image=&#8221;18401&#8243; img_size=&#8221;full&#8221;][\/vc_column_inner][vc_column_inner width=&#8221;1\/2&#8243;][vc_column_text]ERS\u0130N ERDO\u011eAN- HES DESIGN Address: Wilhelmplatz 11A 47918 T\u00f6nisvorst-Viersen(Kreis) Deutschland E-mail: info@hesmarkt.com Tax Administration: Dortmund- Unna UST-IDNR: DE282590941 EU NUMMER\/EORI No: DE783316033466179 Tax Number: 316\/5937\/1971 &nbsp; BANK INFORMATION DEUTSCHE BANK\u00a0 BIC: DEUTDEDB390 IBAN: DE96 3907 0024 0180 4038 00 BLZ: 39070024 KONTO: 320 180 4038 00 Chairman of The Board: Ersin [&hellip;]","og_url":"https:\/\/de.hesmarkt.com\/en\/about-us\/imprint\/","og_site_name":"Hes Markt","article_modified_time":"2022-08-05T23:40:35+00:00","twitter_card":"summary_large_image","twitter_misc":{"Est. reading time":"1 minute"},"schema":{"@context":"https:\/\/schema.org","@graph":[{"@type":"WebSite","@id":"https:\/\/de.hesmarkt.com\/#website","url":"https:\/\/de.hesmarkt.com\/","name":"Hes Markt","description":"","potentialAction":[{"@type":"SearchAction","target":{"@type":"EntryPoint","urlTemplate":"https:\/\/de.hesmarkt.com\/?s={search_term_string}"},"query-input":"required name=search_term_string"}],"inLanguage":"en-US"},{"@type":"WebPage","@id":"https:\/\/de.hesmarkt.com\/en\/about-us\/imprint\/#webpage","url":"https:\/\/de.hesmarkt.com\/en\/about-us\/imprint\/","name":"Imprint - Hes Markt","isPartOf":{"@id":"https:\/\/de.hesmarkt.com\/#website"},"datePublished":"2021-06-03T06:29:26+00:00","dateModified":"2022-08-05T23:40:35+00:00","breadcrumb":{"@id":"https:\/\/de.hesmarkt.com\/en\/about-us\/imprint\/#breadcrumb"},"inLanguage":"en-US","potentialAction":[{"@type":"ReadAction","target":["https:\/\/de.hesmarkt.com\/en\/about-us\/imprint\/"]}]},{"@type":"BreadcrumbList","@id":"https:\/\/de.hesmarkt.com\/en\/about-us\/imprint\/#breadcrumb","itemListElement":[{"@type":"ListItem","position":1,"name":"Anasayfa","item":"https:\/\/de.hesmarkt.com\/en\/"},{"@type":"ListItem","position":2,"name":"About Us","item":"https:\/\/de.hesmarkt.com\/en\/about-us\/"},{"@type":"ListItem","position":3,"name":"Imprint"}]}]}},"_links":{"self":[{"href":"https:\/\/de.hesmarkt.com\/en\/wp-json\/wp\/v2\/pages\/19722"}],"collection":[{"href":"https:\/\/de.hesmarkt.com\/en\/wp-json\/wp\/v2\/pages"}],"about":[{"href":"https:\/\/de.hesmarkt.com\/en\/wp-json\/wp\/v2\/types\/page"}],"author":[{"embeddable":true,"href":"https:\/\/de.hesmarkt.com\/en\/wp-json\/wp\/v2\/users\/5"}],"replies":[{"embeddable":true,"href":"https:\/\/de.hesmarkt.com\/en\/wp-json\/wp\/v2\/comments?post=19722"}],"version-history":[{"count":2,"href":"https:\/\/de.hesmarkt.com\/en\/wp-json\/wp\/v2\/pages\/19722\/revisions"}],"predecessor-version":[{"id":19724,"href":"https:\/\/de.hesmarkt.com\/en\/wp-json\/wp\/v2\/pages\/19722\/revisions\/19724"}],"up":[{"embeddable":true,"href":"https:\/\/de.hesmarkt.com\/en\/wp-json\/wp\/v2\/pages\/19618"}],"wp:attachment":[{"href":"https:\/\/de.hesmarkt.com\/en\/wp-json\/wp\/v2\/media?parent=19722"}],"curies":[{"name":"wp","href":"https:\/\/api.w.org\/{rel}","templated":true}]}}