{"id":7410,"date":"2015-07-31T08:01:04","date_gmt":"2015-07-31T05:01:04","guid":{"rendered":"https:\/\/digi.nasatheme.com\/?page_id=7410"},"modified":"2023-04-13T13:02:10","modified_gmt":"2023-04-13T10:02:10","slug":"kontakt","status":"publish","type":"page","link":"https:\/\/de.hesmarkt.com\/en\/kontakt\/","title":{"rendered":"Kontakt"},"content":{"rendered":"<p>[vc_row][vc_column][vc_empty_space][\/vc_column][\/vc_row][vc_row bg_type=&#8221;no_bg&#8221; bg_grad=&#8221;background: -webkit-gradient(linear, left top, left bottom, color-stop(0%, #E3E3E3));background: -moz-linear-gradient(top,#E3E3E3 0%);background: -webkit-linear-gradient(top,#E3E3E3 0%);background: -o-linear-gradient(top,#E3E3E3 0%);background: -ms-linear-gradient(top,#E3E3E3 0%);background: linear-gradient(top,#E3E3E3 0%);&#8221; parallax_style=&#8221;vcpb-default&#8221; bg_image_repeat=&#8221;repeat&#8221; bg_image_size=&#8221;cover&#8221; bg_img_attach=&#8221;scroll&#8221; parallax_sense=&#8221;30&#8243; animation_direction=&#8221;left-animation&#8221; animation_repeat=&#8221;repeat&#8221; video_opts=&#8221;&#8221; bg_override=&#8221;0&#8243; parallax_content_sense=&#8221;30&#8243; fadeout_start_effect=&#8221;30&#8243; overlay_pattern_opacity=&#8221;80&#8243; seperator_type=&#8221;none_seperator&#8221; seperator_position=&#8221;top_seperator&#8221; seperator_shape_size=&#8221;40&#8243; seperator_svg_height=&#8221;60&#8243; seperator_shape_background=&#8221;#ffffff&#8221; seperator_shape_border=&#8221;none&#8221; seperator_shape_border_width=&#8221;1&#8243; icon_type=&#8221;no_icon&#8221; icon_size=&#8221;32&#8243; icon_style=&#8221;none&#8221; icon_color_border=&#8221;#333333&#8243; icon_border_size=&#8221;1&#8243; icon_border_radius=&#8221;500&#8243; icon_border_spacing=&#8221;50&#8243; img_width=&#8221;48&#8243; ult_hide_row_large_screen=&#8221;off&#8221; ult_hide_row_desktop=&#8221;off&#8221; ult_hide_row_tablet=&#8221;off&#8221; ult_hide_row_tablet_small=&#8221;off&#8221; ult_hide_row_mobile=&#8221;off&#8221; ult_hide_row_mobile_large=&#8221;off&#8221;][vc_column width=&#8221;7\/12&#8243; el_class=&#8221;padding-side-mobile-0&#8243; css=&#8221;.vc_custom_1505055254580{padding-left: 20px !important;}&#8221;][vc_column_text]SCHREIBEN SIE UNS<\/p>\n<p>Wenn Sie irgendwelche Fragen haben, z\u00f6gern Sie bitte nicht, uns zu kontaktieren.<\/p>\n<p>Wir werden Ihnen so schnell wie m\u00f6glich antworten. Wir danken Ihnen![\/vc_column_text][vc_empty_space height=&#8221;45px&#8221;]<div role=\"form\" class=\"wpcf7\" id=\"wpcf7-f13567-o1\" lang=\"de-DE\" dir=\"ltr\">\n<div class=\"screen-reader-response\"><p role=\"status\" aria-live=\"polite\" aria-atomic=\"true\"><\/p> <ul><\/ul><\/div>\n<form action=\"\/en\/wp-json\/wp\/v2\/pages\/7410#wpcf7-f13567-o1\" method=\"post\" class=\"wpcf7-form init\" enctype=\"multipart\/form-data\" novalidate=\"novalidate\" data-status=\"init\">\n<div style=\"display: none;\">\n<input type=\"hidden\" name=\"_wpcf7\" value=\"13567\" \/>\n<input type=\"hidden\" name=\"_wpcf7_version\" value=\"5.5.6\" \/>\n<input type=\"hidden\" name=\"_wpcf7_locale\" value=\"de_DE\" \/>\n<input type=\"hidden\" name=\"_wpcf7_unit_tag\" value=\"wpcf7-f13567-o1\" \/>\n<input type=\"hidden\" name=\"_wpcf7_container_post\" value=\"0\" \/>\n<input type=\"hidden\" name=\"_wpcf7_posted_data_hash\" value=\"\" \/>\n<input type=\"hidden\" name=\"_wpcf7_recaptcha_response\" value=\"\" \/>\n<\/div>\n<div class=\"contact-form-footer\">\n<div class=\"row\">\n<div class=\"lt-col large-6 columns\">\n<label> Ad\u0131n\u0131z*<br \/>\n           <span class=\"wpcf7-form-control-wrap digi-name\"><input type=\"text\" name=\"digi-name\" value=\"\" size=\"40\" class=\"wpcf7-form-control wpcf7-text wpcf7-validates-as-required\" aria-required=\"true\" aria-invalid=\"false\" placeholder=\"Ihr Name:\" \/><\/span> <\/label><\/p>\n<\/div>\n<div class=\"lt-col large-6 columns\">\n       <label> Titel des Themas:*<br \/>\n         <span class=\"wpcf7-form-control-wrap digi-subject\"><select name=\"digi-subject\" class=\"wpcf7-form-control wpcf7-select wpcf7-validates-as-required cf7sub\" aria-required=\"true\" aria-invalid=\"false\"><option value=\"\">---<\/option><option value=\"\u0130stek, Talep ve \u00d6neriler\">\u0130stek, Talep ve \u00d6neriler<\/option><option value=\"\u0130ade ve De\u011fi\u015fim\">\u0130ade ve De\u011fi\u015fim<\/option><option value=\"Tedarik\u00e7i olmak istiyorum\">Tedarik\u00e7i olmak istiyorum<\/option><option value=\"\u0130\u015f ba\u015fvurusu\">\u0130\u015f ba\u015fvurusu<\/option><option value=\"Kurumsal sat\u0131\u015f\">Kurumsal sat\u0131\u015f<\/option><option value=\"Ki\u015fiye \u00d6zel \u00dcr\u00fcn Talebi\">Ki\u015fiye \u00d6zel \u00dcr\u00fcn Talebi<\/option><\/select><\/span><\/label>\n    <\/div>\n<\/div>\n<div class=\"row\">\n<div class=\"lt-col large-6 columns\">\n          <label> Ihre Telefonnummer:*<br \/>\n          <span class=\"wpcf7-form-control-wrap digi-tel\"><input type=\"text\" name=\"digi-tel\" value=\"\" size=\"40\" class=\"wpcf7-form-control wpcf7-text wpcf7-validates-as-required\" aria-required=\"true\" aria-invalid=\"false\" placeholder=\"Ihre Telefonnummer:\" \/><\/span> <\/label>\n    <\/div>\n<div class=\"lt-col large-6 columns\">\n       <label> E-Mail Adresse:*<br \/>\n          <span class=\"wpcf7-form-control-wrap digi-email\"><input type=\"email\" name=\"digi-email\" value=\"\" size=\"40\" class=\"wpcf7-form-control wpcf7-text wpcf7-email wpcf7-validates-as-required wpcf7-validates-as-email\" aria-required=\"true\" aria-invalid=\"false\" placeholder=\"E-Mail Adresse:\" \/><\/span> <\/label>\n    <\/div>\n<\/div>\n<div class=\"row\">\n<div class=\"large-12 columns\">\n         <label> Ihre Nachricht:<br \/>\n         <span class=\"wpcf7-form-control-wrap digi-message\"><textarea name=\"digi-message\" cols=\"100\" rows=\"10\" class=\"wpcf7-form-control wpcf7-textarea\" aria-invalid=\"false\" placeholder=\"Ihre Nachricht:\"><\/textarea><\/span><\/label>\n    <\/div>\n<\/div>\n<div class=\"row\">\n<div class=\"lt-col large-6 columns\">\n    <label> Verwandte Dateien hochladen, falls vorhanden (Maks. 5MB)<br \/>\n       <span class=\"wpcf7-form-control-wrap DosyaYukle\"><input type=\"file\" name=\"DosyaYukle\" size=\"40\" class=\"wpcf7-form-control wpcf7-file cf7sub\" accept=\".jpg,.jpeg,.pdf,.doc,.docx\" aria-invalid=\"false\" \/><\/span><\/label><br \/>\n  <br\/><br\/><br\/> <input type=\"submit\" value=\"Senden\" class=\"wpcf7-form-control has-spinner wpcf7-submit\" \/>\n    <\/div>\n<div class=\"lt-col large-6 columns\">\n<p>         Diese Seite ist durch Google reCAPTCHA gesch\u00fctzt.<br \/>\n<a href=\"https:\/\/policies.google.com\/privacy\">Google Gizlilik Politikas\u0131<\/a><br \/>\n<a href=\"https:\/\/policies.google.com\/terms\">Google Hizmet S\u00f6zle\u015fmesi<\/a><\/p>\n<\/div>\n<\/div>\n<\/div>\n<div class=\"wpcf7-response-output\" aria-hidden=\"true\"><\/div><\/form><\/div>[vc_empty_space height=&#8221;35px&#8221; css=&#8221;.vc_custom_1620404391550{border-top-width: 2px !important;border-top-color: #efefef !important;border-top-style: solid !important;}&#8221;][vc_row_inner][vc_column_inner width=&#8221;1\/2&#8243;][vc_column_text]<\/p>\n<h5 class=\"nasa-title-heading\" style=\"font-weight: 500;\">HES Markt Almanya<\/h5>\n<p>Wilhelmplatz 11\/ A 47918<br \/>\nT\u00f6nisvorst<br \/>\nDeutschland<\/p>\n<p>[\/vc_column_text][vc_column_text]<\/p>\n<h5 class=\"nasa-title-heading\" style=\"font-weight: 500;\">HES Markt T\u00fcrkiye<\/h5>\n<p style=\"font-weight: 400;\">Y\u0131ld\u0131z Posta Cad. Bulvar Apt.<br \/>\nNo:15\/B,\u00a0D:17, 34349<br \/>\nBe\u015fikta\u015f \/ \u0130stanbul \/ T\u00fcrkiye<\/p>\n<p>[\/vc_column_text][vc_empty_space height=&#8221;30px&#8221;][\/vc_column_inner][vc_column_inner width=&#8221;1\/2&#8243;][vc_column_text]<\/p>\n<h5 class=\"nasa-title-heading\" style=\"font-weight: 500;\">TELEFONNUMMERN<\/h5>\n<p>Zweigstelle 1: (+90) 212 284 75 94<br \/>\nZweigstelle 2: (+90) 212 284 75 95[\/vc_column_text][\/vc_column_inner][\/vc_row_inner][vc_empty_space height=&#8221;45px&#8221;][vc_row_inner][vc_column_inner width=&#8221;1\/2&#8243;][vc_column_text]<\/p>\n<h5 class=\"nasa-title-heading\" style=\"font-weight: 500;\">E-mailadressen<\/h5>\n<div id=\"tw-target-text-container\" class=\"tw-ta-container F0azHf tw-nfl\" tabindex=\"0\">\n<pre id=\"tw-target-text\" class=\"tw-data-text tw-text-large tw-ta\" dir=\"ltr\" data-placeholder=\"\u00c7eviri\"><\/pre>\n<\/div>\n<div class=\"iYB33c\">\n<div class=\"dlJLJe\">\n<div data-cviv=\"false\" data-ved=\"2ahUKEwjZxLiZxqb-AhVVRPEDHRWnDRIQz_AEegQICRAP\">\n<div class=\"U9URNb\"><img loading=\"lazy\" id=\"dimg_3\" class=\"YQ4gaf zr758c wA1Bge\" src=\"data:image\/png;base64,iVBORw0KGgoAAAANSUhEUgAAABQAAAAUCAQAAAAngNWGAAAA\/0lEQVR4AYXNMSiEcRyA4cfmGHQbCZIipkuxnJgMStlMNmeyD2dwmc8+sZgxYJd9ErIZFHUyYYD7fkr6l4\/rnvmtl7+KitrqV\/fq2Y5eLY3Z9S48eRLe7BmVZ9qhTLhQ0algzZWQOVKSsCF8OjAnwbxDTWFDUhPK\/jMr1H6HE\/IqRky2DyvCefuwItwZzodVoYRiLqMkVCXrwpJ9twZ+sgfDYEFYl8wIWxZ9uFf7zkallxlJh4YrLGsKjZRx7VGHhLqwgFUN45DGdb8MeXGpgB4ABZdeDcpZEY51A+hyLKz4S1W4MQWm3AibWtgWmk6dyISa1pSdyWTOlLXVp0+eL9D\/ZPfBTNanAAAAAElFTkSuQmCC\" alt=\"Topluluk Taraf\u0131ndan Do\u011fruland\u0131 simgesi\" width=\"16\" height=\"16\" data-atf=\"0\" data-frt=\"0\" \/><\/div>\n<\/div>\n<\/div>\n<\/div>\n<p>Hes Markt Team:<br \/>\niletisim@hesmarkt.com[\/vc_column_text][vc_empty_space height=&#8221;30px&#8221;][\/vc_column_inner][vc_column_inner width=&#8221;1\/2&#8243;][vc_column_text css=&#8221;.vc_custom_1681379084609{margin-bottom: 10px !important;}&#8221;]<\/p>\n<h5 class=\"nasa-title-heading\" style=\"font-weight: 500;\">ADRESSEN DER SOZIALEN NETZWERKE<\/h5>\n<p>ADRESSEN DER SOZIALEN NETZWERKE[\/vc_column_text]\r\n    <div class=\"social-icons nasa-follow\">\r\n                <div class=\"follow-icon\">\r\n                            <a href=\"#\" target=\"_blank\" class=\"icon icon_facebook\" title=\"Follow us on Facebook\" rel=\"nofollow\"><i class=\"fa fa-facebook\"><\/i><\/a>\r\n                                        <a href=\"https:\/\/mobile.twitter.com\/hesmarkt\" target=\"_blank\" class=\"icon icon_twitter\" title=\"Follow us on Twitter\" rel=\"nofollow\"><i class=\"fa fa-twitter\"><\/i><\/a>\r\n                                                    <a href=\"#\" target=\"_blank\" class=\"icon icon_pintrest\" title=\"Follow us on Pinterest\" rel=\"nofollow\"><i class=\"fa fa-pinterest\"><\/i><\/a>\r\n                                        <a href=\"#\" target=\"_blank\" class=\"icon icon_instagram\" title=\"Follow us on Instagram\" rel=\"nofollow\"><i class=\"fa fa-instagram\"><\/i><\/a>\r\n                                                    <a href=\"https:\/\/www.linkedin.com\/in\/hesmarkt-company-905a0a1b7\/\" target=\"_blank\" class=\"icon icon_linkedin\" title=\"LinkedIn\" rel=\"nofollow\"><i class=\"fa fa-linkedin-square\"><\/i><\/a>\r\n                                        <a href=\"https:\/\/www.youtube.com\/channel\/UCE5eLLTpCByT4bHiBrmYx6A?view_as=subscriber\" target=\"_blank\" class=\"icon icon_youtube\" title=\"YouTube\" rel=\"nofollow\"><i class=\"fa fa-youtube-play\"><\/i><\/a>\r\n                                                                <a href=\"#\" target=\"_blank\" class=\"icon icon_whatsapp\" title=\"Whatsapp\" rel=\"nofollow\"><i class=\"fa fa-whatsapp\"><\/i><\/a>\r\n                    <\/div>\r\n    <\/div>\r\n\r\n    [vc_empty_space height=&#8221;30px&#8221;][\/vc_column_inner][\/vc_row_inner][\/vc_column][vc_column width=&#8221;5\/12&#8243;][vc_column_text]<\/p>\n<h5 class=\"nasa-title-heading\" style=\"font-weight: 500;\">B\u0130ZE YAZIN<\/h5>\n<p>[\/vc_column_text][vc_empty_space height=&#8221;45px&#8221;][vc_raw_html]JTNDaWZyYW1lJTIwc3JjJTNEJTIyaHR0cHMlM0ElMkYlMkZ3d3cuZ29vZ2xlLmNvbSUyRm1hcHMlMkZlbWJlZCUzRnBiJTNEJTIxMW0xOCUyMTFtMTIlMjExbTMlMjExZDc1Mi4wMzQwMzQ5NDE5NTU4JTIxMmQyOS4wMDc3OTU3MjkxOTQ3OSUyMTNkNDEuMDY2MDE2NzA5ODM2MjM0JTIxMm0zJTIxMWYwJTIxMmYwJTIxM2YwJTIxM20yJTIxMWkxMDI0JTIxMmk3NjglMjE0ZjEzLjElMjEzbTMlMjExbTIlMjExczB4MTRjYWI3Y2MwN2YyNzBjNSUyNTNBMHg3NjlkMTUwNzU3MTMxMmUyJTIxMnNIRVMlMjUyME1hcmt0JTIxNWUwJTIxM20yJTIxMXN0ciUyMTJzdHIlMjE0djE2NDE0NjQ0MDIwMTclMjE1bTIlMjExc3RyJTIxMnN0ciUyMiUyMHdpZHRoJTNEJTIyMTAwJTI1JTIyJTIwaGVpZ2h0JTNEJTIyNzUwJTIyJTIwc3R5bGUlM0QlMjJib3JkZXIlM0EwJTNCJTIyJTIwYWxsb3dmdWxsc2NyZWVuJTNEJTIyJTIyJTIwbG9hZGluZyUzRCUyMmxhenklMjIlM0UlM0MlMkZpZnJhbWUlM0U=[\/vc_raw_html][\/vc_column][\/vc_row]<\/p>\n","protected":false},"excerpt":{"rendered":"<p>[vc_row][vc_column][vc_empty_space][\/vc_column][\/vc_row][vc_row bg_type=&#8221;no_bg&#8221; bg_grad=&#8221;background: -webkit-gradient(linear, left top, left bottom, color-stop(0%, #E3E3E3));background: -moz-linear-gradient(top,#E3E3E3 0%);background: -webkit-linear-gradient(top,#E3E3E3 0%);background: -o-linear-gradient(top,#E3E3E3 0%);background: -ms-linear-gradient(top,#E3E3E3 0%);background: linear-gradient(top,#E3E3E3 0%);&#8221; parallax_style=&#8221;vcpb-default&#8221; bg_image_repeat=&#8221;repeat&#8221; bg_image_size=&#8221;cover&#8221; bg_img_attach=&#8221;scroll&#8221; parallax_sense=&#8221;30&#8243; animation_direction=&#8221;left-animation&#8221; animation_repeat=&#8221;repeat&#8221; video_opts=&#8221;&#8221; bg_override=&#8221;0&#8243; parallax_content_sense=&#8221;30&#8243; fadeout_start_effect=&#8221;30&#8243; overlay_pattern_opacity=&#8221;80&#8243; seperator_type=&#8221;none_seperator&#8221; seperator_position=&#8221;top_seperator&#8221; seperator_shape_size=&#8221;40&#8243; seperator_svg_height=&#8221;60&#8243; seperator_shape_background=&#8221;#ffffff&#8221; seperator_shape_border=&#8221;none&#8221; seperator_shape_border_width=&#8221;1&#8243; icon_type=&#8221;no_icon&#8221; icon_size=&#8221;32&#8243; icon_style=&#8221;none&#8221; icon_color_border=&#8221;#333333&#8243; icon_border_size=&#8221;1&#8243; icon_border_radius=&#8221;500&#8243; icon_border_spacing=&#8221;50&#8243; img_width=&#8221;48&#8243; ult_hide_row_large_screen=&#8221;off&#8221; ult_hide_row_desktop=&#8221;off&#8221; ult_hide_row_tablet=&#8221;off&#8221; ult_hide_row_tablet_small=&#8221;off&#8221; ult_hide_row_mobile=&#8221;off&#8221; ult_hide_row_mobile_large=&#8221;off&#8221;][vc_column width=&#8221;7\/12&#8243; el_class=&#8221;padding-side-mobile-0&#8243; [&hellip;]<\/p>\n","protected":false},"author":1,"featured_media":0,"parent":0,"menu_order":0,"comment_status":"open","ping_status":"closed","template":"page-visual-composer.php","meta":[],"yoast_head":"<!-- This site is optimized with the Yoast SEO plugin v18.8 - https:\/\/yoast.com\/wordpress\/plugins\/seo\/ -->\n<title>Kontakt - Hes Markt<\/title>\n<meta name=\"robots\" content=\"index, follow, max-snippet:-1, max-image-preview:large, max-video-preview:-1\" \/>\n<link rel=\"canonical\" href=\"https:\/\/de.hesmarkt.com\/kontakt\/\" \/>\n<meta property=\"og:locale\" content=\"en_US\" \/>\n<meta property=\"og:type\" content=\"article\" \/>\n<meta property=\"og:title\" content=\"Kontakt - Hes Markt\" \/>\n<meta property=\"og:description\" content=\"[vc_row][vc_column][vc_empty_space][\/vc_column][\/vc_row][vc_row bg_type=&#8221;no_bg&#8221; bg_grad=&#8221;background: -webkit-gradient(linear, left top, left bottom, color-stop(0%, #E3E3E3));background: -moz-linear-gradient(top,#E3E3E3 0%);background: -webkit-linear-gradient(top,#E3E3E3 0%);background: -o-linear-gradient(top,#E3E3E3 0%);background: -ms-linear-gradient(top,#E3E3E3 0%);background: linear-gradient(top,#E3E3E3 0%);&#8221; parallax_style=&#8221;vcpb-default&#8221; bg_image_repeat=&#8221;repeat&#8221; bg_image_size=&#8221;cover&#8221; bg_img_attach=&#8221;scroll&#8221; parallax_sense=&#8221;30&#8243; animation_direction=&#8221;left-animation&#8221; animation_repeat=&#8221;repeat&#8221; video_opts=&#8221;&#8221; bg_override=&#8221;0&#8243; parallax_content_sense=&#8221;30&#8243; fadeout_start_effect=&#8221;30&#8243; overlay_pattern_opacity=&#8221;80&#8243; seperator_type=&#8221;none_seperator&#8221; seperator_position=&#8221;top_seperator&#8221; seperator_shape_size=&#8221;40&#8243; seperator_svg_height=&#8221;60&#8243; seperator_shape_background=&#8221;#ffffff&#8221; seperator_shape_border=&#8221;none&#8221; seperator_shape_border_width=&#8221;1&#8243; icon_type=&#8221;no_icon&#8221; icon_size=&#8221;32&#8243; icon_style=&#8221;none&#8221; icon_color_border=&#8221;#333333&#8243; icon_border_size=&#8221;1&#8243; icon_border_radius=&#8221;500&#8243; icon_border_spacing=&#8221;50&#8243; img_width=&#8221;48&#8243; ult_hide_row_large_screen=&#8221;off&#8221; ult_hide_row_desktop=&#8221;off&#8221; ult_hide_row_tablet=&#8221;off&#8221; ult_hide_row_tablet_small=&#8221;off&#8221; ult_hide_row_mobile=&#8221;off&#8221; ult_hide_row_mobile_large=&#8221;off&#8221;][vc_column width=&#8221;7\/12&#8243; el_class=&#8221;padding-side-mobile-0&#8243; [&hellip;]\" \/>\n<meta property=\"og:url\" content=\"https:\/\/de.hesmarkt.com\/kontakt\/\" \/>\n<meta property=\"og:site_name\" content=\"Hes Markt\" \/>\n<meta property=\"article:modified_time\" content=\"2023-04-13T10:02:10+00:00\" \/>\n<meta name=\"twitter:card\" content=\"summary_large_image\" \/>\n<meta name=\"twitter:label1\" content=\"Est. reading time\" \/>\n\t<meta name=\"twitter:data1\" content=\"1 minute\" \/>\n<script type=\"application\/ld+json\" class=\"yoast-schema-graph\">{\"@context\":\"https:\/\/schema.org\",\"@graph\":[{\"@type\":\"WebSite\",\"@id\":\"https:\/\/de.hesmarkt.com\/#website\",\"url\":\"https:\/\/de.hesmarkt.com\/\",\"name\":\"Hes Markt\",\"description\":\"\",\"potentialAction\":[{\"@type\":\"SearchAction\",\"target\":{\"@type\":\"EntryPoint\",\"urlTemplate\":\"https:\/\/de.hesmarkt.com\/?s={search_term_string}\"},\"query-input\":\"required name=search_term_string\"}],\"inLanguage\":\"en-US\"},{\"@type\":\"WebPage\",\"@id\":\"https:\/\/de.hesmarkt.com\/kontakt\/#webpage\",\"url\":\"https:\/\/de.hesmarkt.com\/kontakt\/\",\"name\":\"Kontakt - Hes Markt\",\"isPartOf\":{\"@id\":\"https:\/\/de.hesmarkt.com\/#website\"},\"datePublished\":\"2015-07-31T05:01:04+00:00\",\"dateModified\":\"2023-04-13T10:02:10+00:00\",\"breadcrumb\":{\"@id\":\"https:\/\/de.hesmarkt.com\/kontakt\/#breadcrumb\"},\"inLanguage\":\"en-US\",\"potentialAction\":[{\"@type\":\"ReadAction\",\"target\":[\"https:\/\/de.hesmarkt.com\/kontakt\/\"]}]},{\"@type\":\"BreadcrumbList\",\"@id\":\"https:\/\/de.hesmarkt.com\/kontakt\/#breadcrumb\",\"itemListElement\":[{\"@type\":\"ListItem\",\"position\":1,\"name\":\"Anasayfa\",\"item\":\"https:\/\/de.hesmarkt.com\/en\/\"},{\"@type\":\"ListItem\",\"position\":2,\"name\":\"Kontakt\"}]}]}<\/script>\n<!-- \/ Yoast SEO plugin. -->","yoast_head_json":{"title":"Kontakt - Hes Markt","robots":{"index":"index","follow":"follow","max-snippet":"max-snippet:-1","max-image-preview":"max-image-preview:large","max-video-preview":"max-video-preview:-1"},"canonical":"https:\/\/de.hesmarkt.com\/kontakt\/","og_locale":"en_US","og_type":"article","og_title":"Kontakt - Hes Markt","og_description":"[vc_row][vc_column][vc_empty_space][\/vc_column][\/vc_row][vc_row bg_type=&#8221;no_bg&#8221; bg_grad=&#8221;background: -webkit-gradient(linear, left top, left bottom, color-stop(0%, #E3E3E3));background: -moz-linear-gradient(top,#E3E3E3 0%);background: -webkit-linear-gradient(top,#E3E3E3 0%);background: -o-linear-gradient(top,#E3E3E3 0%);background: -ms-linear-gradient(top,#E3E3E3 0%);background: linear-gradient(top,#E3E3E3 0%);&#8221; parallax_style=&#8221;vcpb-default&#8221; bg_image_repeat=&#8221;repeat&#8221; bg_image_size=&#8221;cover&#8221; bg_img_attach=&#8221;scroll&#8221; parallax_sense=&#8221;30&#8243; animation_direction=&#8221;left-animation&#8221; animation_repeat=&#8221;repeat&#8221; video_opts=&#8221;&#8221; bg_override=&#8221;0&#8243; parallax_content_sense=&#8221;30&#8243; fadeout_start_effect=&#8221;30&#8243; overlay_pattern_opacity=&#8221;80&#8243; seperator_type=&#8221;none_seperator&#8221; seperator_position=&#8221;top_seperator&#8221; seperator_shape_size=&#8221;40&#8243; seperator_svg_height=&#8221;60&#8243; seperator_shape_background=&#8221;#ffffff&#8221; seperator_shape_border=&#8221;none&#8221; seperator_shape_border_width=&#8221;1&#8243; icon_type=&#8221;no_icon&#8221; icon_size=&#8221;32&#8243; icon_style=&#8221;none&#8221; icon_color_border=&#8221;#333333&#8243; icon_border_size=&#8221;1&#8243; icon_border_radius=&#8221;500&#8243; icon_border_spacing=&#8221;50&#8243; img_width=&#8221;48&#8243; ult_hide_row_large_screen=&#8221;off&#8221; ult_hide_row_desktop=&#8221;off&#8221; ult_hide_row_tablet=&#8221;off&#8221; ult_hide_row_tablet_small=&#8221;off&#8221; ult_hide_row_mobile=&#8221;off&#8221; ult_hide_row_mobile_large=&#8221;off&#8221;][vc_column width=&#8221;7\/12&#8243; el_class=&#8221;padding-side-mobile-0&#8243; [&hellip;]","og_url":"https:\/\/de.hesmarkt.com\/kontakt\/","og_site_name":"Hes Markt","article_modified_time":"2023-04-13T10:02:10+00:00","twitter_card":"summary_large_image","twitter_misc":{"Est. reading time":"1 minute"},"schema":{"@context":"https:\/\/schema.org","@graph":[{"@type":"WebSite","@id":"https:\/\/de.hesmarkt.com\/#website","url":"https:\/\/de.hesmarkt.com\/","name":"Hes Markt","description":"","potentialAction":[{"@type":"SearchAction","target":{"@type":"EntryPoint","urlTemplate":"https:\/\/de.hesmarkt.com\/?s={search_term_string}"},"query-input":"required name=search_term_string"}],"inLanguage":"en-US"},{"@type":"WebPage","@id":"https:\/\/de.hesmarkt.com\/kontakt\/#webpage","url":"https:\/\/de.hesmarkt.com\/kontakt\/","name":"Kontakt - Hes Markt","isPartOf":{"@id":"https:\/\/de.hesmarkt.com\/#website"},"datePublished":"2015-07-31T05:01:04+00:00","dateModified":"2023-04-13T10:02:10+00:00","breadcrumb":{"@id":"https:\/\/de.hesmarkt.com\/kontakt\/#breadcrumb"},"inLanguage":"en-US","potentialAction":[{"@type":"ReadAction","target":["https:\/\/de.hesmarkt.com\/kontakt\/"]}]},{"@type":"BreadcrumbList","@id":"https:\/\/de.hesmarkt.com\/kontakt\/#breadcrumb","itemListElement":[{"@type":"ListItem","position":1,"name":"Anasayfa","item":"https:\/\/de.hesmarkt.com\/en\/"},{"@type":"ListItem","position":2,"name":"Kontakt"}]}]}},"_links":{"self":[{"href":"https:\/\/de.hesmarkt.com\/en\/wp-json\/wp\/v2\/pages\/7410"}],"collection":[{"href":"https:\/\/de.hesmarkt.com\/en\/wp-json\/wp\/v2\/pages"}],"about":[{"href":"https:\/\/de.hesmarkt.com\/en\/wp-json\/wp\/v2\/types\/page"}],"author":[{"embeddable":true,"href":"https:\/\/de.hesmarkt.com\/en\/wp-json\/wp\/v2\/users\/1"}],"replies":[{"embeddable":true,"href":"https:\/\/de.hesmarkt.com\/en\/wp-json\/wp\/v2\/comments?post=7410"}],"version-history":[{"count":49,"href":"https:\/\/de.hesmarkt.com\/en\/wp-json\/wp\/v2\/pages\/7410\/revisions"}],"predecessor-version":[{"id":14672,"href":"https:\/\/de.hesmarkt.com\/en\/wp-json\/wp\/v2\/pages\/7410\/revisions\/14672"}],"wp:attachment":[{"href":"https:\/\/de.hesmarkt.com\/en\/wp-json\/wp\/v2\/media?parent=7410"}],"curies":[{"name":"wp","href":"https:\/\/api.w.org\/{rel}","templated":true}]}}