{"id":14240,"date":"2021-05-07T13:10:56","date_gmt":"2021-05-07T10:10:56","guid":{"rendered":"https:\/\/de.hesmarkt.com\/?post_type=product&#038;p=14240"},"modified":"2021-05-25T16:37:05","modified_gmt":"2021-05-25T13:37:05","slug":"king-kucuk-boy","status":"publish","type":"product","link":"https:\/\/de.hesmarkt.com\/en\/produkt\/king-kucuk-boy\/","title":{"rendered":"King ( K\u00fc\u00e7\u00fck Boy )"},"content":{"rendered":"<ul>\n<li>Siyah, beyaz ve alt\u0131n renk se\u00e7enekleri mevcuttur<\/li>\n<li>King dekoratif saks\u0131, polyester malzemeden, d\u00f6k\u00fcm\u00fc ve boyamas\u0131 d\u00e2hil tamam\u0131yla el i\u015f\u00e7ili\u011fiyle \u00fcretilmi\u015ftir.<\/li>\n<li>Tek par\u00e7a olarak sat\u0131lmaktad\u0131r.<\/li>\n<li>Evinizde veya i\u015f yerinizde dekor ama\u00e7l\u0131, saks\u0131 ve kalemlik olarak da kullan\u0131labilir.<\/li>\n<li>Nemli bezle temizlemeniz \u00f6nerilir.<\/li>\n<li>El i\u015f\u00e7ili\u011fi ile \u00fcretildi\u011finden renk yo\u011funlu\u011funda ufak farkl\u0131l\u0131klar olabilir.<\/li>\n<li>T\u00fcrkiye\u2019de \u00fcretilmi\u015ftir.<\/li>\n<li>Dayan\u0131kl\u0131, \u00e7evreye duyarl\u0131 ve kolay temizleme imk\u00e2n\u0131 sunan dekoratif saks\u0131lar\u0131 uzun y\u0131llar kullanabilirsiniz.<\/li>\n<\/ul>\n","protected":false},"excerpt":{"rendered":"<p>Siyah, beyaz ve alt\u0131n renk se\u00e7enekleri mevcuttur King dekoratif saks\u0131, polyester malzemeden, d\u00f6k\u00fcm\u00fc ve boyamas\u0131 d\u00e2hil tamam\u0131yla el i\u015f\u00e7ili\u011fiyle \u00fcretilmi\u015ftir. Tek par\u00e7a olarak sat\u0131lmaktad\u0131r. Evinizde veya i\u015f yerinizde dekor ama\u00e7l\u0131, saks\u0131 ve kalemlik olarak da kullan\u0131labilir. Nemli bezle temizlemeniz \u00f6nerilir. El i\u015f\u00e7ili\u011fi ile \u00fcretildi\u011finden renk yo\u011funlu\u011funda ufak farkl\u0131l\u0131klar olabilir. T\u00fcrkiye\u2019de \u00fcretilmi\u015ftir. Dayan\u0131kl\u0131, \u00e7evreye duyarl\u0131 ve [&hellip;]<\/p>\n","protected":false},"featured_media":14241,"template":"","meta":[],"product_cat":[162],"product_tag":[],"yoast_head":"<!-- This site is optimized with the Yoast SEO plugin v18.8 - https:\/\/yoast.com\/wordpress\/plugins\/seo\/ -->\n<title>King ( K\u00fc\u00e7\u00fck Boy ) - Hes Markt<\/title>\n<meta name=\"robots\" content=\"index, follow, max-snippet:-1, max-image-preview:large, max-video-preview:-1\" \/>\n<link rel=\"canonical\" href=\"https:\/\/de.hesmarkt.com\/produkt\/king-kucuk-boy\/\" \/>\n<meta property=\"og:locale\" content=\"en_US\" \/>\n<meta property=\"og:type\" content=\"article\" \/>\n<meta property=\"og:title\" content=\"King ( K\u00fc\u00e7\u00fck Boy ) - Hes Markt\" \/>\n<meta property=\"og:description\" content=\"Siyah, beyaz ve alt\u0131n renk se\u00e7enekleri mevcuttur King dekoratif saks\u0131, polyester malzemeden, d\u00f6k\u00fcm\u00fc ve boyamas\u0131 d\u00e2hil tamam\u0131yla el i\u015f\u00e7ili\u011fiyle \u00fcretilmi\u015ftir. Tek par\u00e7a olarak sat\u0131lmaktad\u0131r. Evinizde veya i\u015f yerinizde dekor ama\u00e7l\u0131, saks\u0131 ve kalemlik olarak da kullan\u0131labilir. Nemli bezle temizlemeniz \u00f6nerilir. El i\u015f\u00e7ili\u011fi ile \u00fcretildi\u011finden renk yo\u011funlu\u011funda ufak farkl\u0131l\u0131klar olabilir. T\u00fcrkiye\u2019de \u00fcretilmi\u015ftir. Dayan\u0131kl\u0131, \u00e7evreye duyarl\u0131 ve [&hellip;]\" \/>\n<meta property=\"og:url\" content=\"https:\/\/de.hesmarkt.com\/produkt\/king-kucuk-boy\/\" \/>\n<meta property=\"og:site_name\" content=\"Hes Markt\" \/>\n<meta property=\"article:modified_time\" content=\"2021-05-25T13:37:05+00:00\" \/>\n<meta property=\"og:image\" content=\"https:\/\/de.hesmarkt.com\/wp-content\/uploads\/2021\/05\/ASLAN-SAKSI-1.jpg\" \/>\n\t<meta property=\"og:image:width\" content=\"800\" \/>\n\t<meta property=\"og:image:height\" content=\"600\" \/>\n\t<meta property=\"og:image:type\" content=\"image\/jpeg\" \/>\n<meta name=\"twitter:card\" content=\"summary_large_image\" \/>\n<script type=\"application\/ld+json\" class=\"yoast-schema-graph\">{\"@context\":\"https:\/\/schema.org\",\"@graph\":[{\"@type\":\"WebSite\",\"@id\":\"https:\/\/de.hesmarkt.com\/#website\",\"url\":\"https:\/\/de.hesmarkt.com\/\",\"name\":\"Hes Markt\",\"description\":\"\",\"potentialAction\":[{\"@type\":\"SearchAction\",\"target\":{\"@type\":\"EntryPoint\",\"urlTemplate\":\"https:\/\/de.hesmarkt.com\/?s={search_term_string}\"},\"query-input\":\"required name=search_term_string\"}],\"inLanguage\":\"en-US\"},{\"@type\":\"ImageObject\",\"inLanguage\":\"en-US\",\"@id\":\"https:\/\/de.hesmarkt.com\/produkt\/king-kucuk-boy\/#primaryimage\",\"url\":\"https:\/\/de.hesmarkt.com\/wp-content\/uploads\/2021\/05\/ASLAN-SAKSI-1.jpg\",\"contentUrl\":\"https:\/\/de.hesmarkt.com\/wp-content\/uploads\/2021\/05\/ASLAN-SAKSI-1.jpg\",\"width\":800,\"height\":600},{\"@type\":\"WebPage\",\"@id\":\"https:\/\/de.hesmarkt.com\/produkt\/king-kucuk-boy\/#webpage\",\"url\":\"https:\/\/de.hesmarkt.com\/produkt\/king-kucuk-boy\/\",\"name\":\"King ( K\u00fc\u00e7\u00fck Boy ) - Hes Markt\",\"isPartOf\":{\"@id\":\"https:\/\/de.hesmarkt.com\/#website\"},\"primaryImageOfPage\":{\"@id\":\"https:\/\/de.hesmarkt.com\/produkt\/king-kucuk-boy\/#primaryimage\"},\"datePublished\":\"2021-05-07T10:10:56+00:00\",\"dateModified\":\"2021-05-25T13:37:05+00:00\",\"breadcrumb\":{\"@id\":\"https:\/\/de.hesmarkt.com\/produkt\/king-kucuk-boy\/#breadcrumb\"},\"inLanguage\":\"en-US\",\"potentialAction\":[{\"@type\":\"ReadAction\",\"target\":[\"https:\/\/de.hesmarkt.com\/produkt\/king-kucuk-boy\/\"]}]},{\"@type\":\"BreadcrumbList\",\"@id\":\"https:\/\/de.hesmarkt.com\/produkt\/king-kucuk-boy\/#breadcrumb\",\"itemListElement\":[{\"@type\":\"ListItem\",\"position\":1,\"name\":\"Anasayfa\",\"item\":\"https:\/\/de.hesmarkt.com\/en\/\"},{\"@type\":\"ListItem\",\"position\":2,\"name\":\"Shop\",\"item\":\"https:\/\/de.hesmarkt.com\/en\/shop-2\/\"},{\"@type\":\"ListItem\",\"position\":3,\"name\":\"King ( K\u00fc\u00e7\u00fck Boy )\"}]}]}<\/script>\n<!-- \/ Yoast SEO plugin. -->","yoast_head_json":{"title":"King ( K\u00fc\u00e7\u00fck Boy ) - Hes Markt","robots":{"index":"index","follow":"follow","max-snippet":"max-snippet:-1","max-image-preview":"max-image-preview:large","max-video-preview":"max-video-preview:-1"},"canonical":"https:\/\/de.hesmarkt.com\/produkt\/king-kucuk-boy\/","og_locale":"en_US","og_type":"article","og_title":"King ( K\u00fc\u00e7\u00fck Boy ) - Hes Markt","og_description":"Siyah, beyaz ve alt\u0131n renk se\u00e7enekleri mevcuttur King dekoratif saks\u0131, polyester malzemeden, d\u00f6k\u00fcm\u00fc ve boyamas\u0131 d\u00e2hil tamam\u0131yla el i\u015f\u00e7ili\u011fiyle \u00fcretilmi\u015ftir. Tek par\u00e7a olarak sat\u0131lmaktad\u0131r. Evinizde veya i\u015f yerinizde dekor ama\u00e7l\u0131, saks\u0131 ve kalemlik olarak da kullan\u0131labilir. Nemli bezle temizlemeniz \u00f6nerilir. El i\u015f\u00e7ili\u011fi ile \u00fcretildi\u011finden renk yo\u011funlu\u011funda ufak farkl\u0131l\u0131klar olabilir. T\u00fcrkiye\u2019de \u00fcretilmi\u015ftir. Dayan\u0131kl\u0131, \u00e7evreye duyarl\u0131 ve [&hellip;]","og_url":"https:\/\/de.hesmarkt.com\/produkt\/king-kucuk-boy\/","og_site_name":"Hes Markt","article_modified_time":"2021-05-25T13:37:05+00:00","og_image":[{"width":800,"height":600,"url":"https:\/\/de.hesmarkt.com\/wp-content\/uploads\/2021\/05\/ASLAN-SAKSI-1.jpg","type":"image\/jpeg"}],"twitter_card":"summary_large_image","schema":{"@context":"https:\/\/schema.org","@graph":[{"@type":"WebSite","@id":"https:\/\/de.hesmarkt.com\/#website","url":"https:\/\/de.hesmarkt.com\/","name":"Hes Markt","description":"","potentialAction":[{"@type":"SearchAction","target":{"@type":"EntryPoint","urlTemplate":"https:\/\/de.hesmarkt.com\/?s={search_term_string}"},"query-input":"required name=search_term_string"}],"inLanguage":"en-US"},{"@type":"ImageObject","inLanguage":"en-US","@id":"https:\/\/de.hesmarkt.com\/produkt\/king-kucuk-boy\/#primaryimage","url":"https:\/\/de.hesmarkt.com\/wp-content\/uploads\/2021\/05\/ASLAN-SAKSI-1.jpg","contentUrl":"https:\/\/de.hesmarkt.com\/wp-content\/uploads\/2021\/05\/ASLAN-SAKSI-1.jpg","width":800,"height":600},{"@type":"WebPage","@id":"https:\/\/de.hesmarkt.com\/produkt\/king-kucuk-boy\/#webpage","url":"https:\/\/de.hesmarkt.com\/produkt\/king-kucuk-boy\/","name":"King ( K\u00fc\u00e7\u00fck Boy ) - Hes Markt","isPartOf":{"@id":"https:\/\/de.hesmarkt.com\/#website"},"primaryImageOfPage":{"@id":"https:\/\/de.hesmarkt.com\/produkt\/king-kucuk-boy\/#primaryimage"},"datePublished":"2021-05-07T10:10:56+00:00","dateModified":"2021-05-25T13:37:05+00:00","breadcrumb":{"@id":"https:\/\/de.hesmarkt.com\/produkt\/king-kucuk-boy\/#breadcrumb"},"inLanguage":"en-US","potentialAction":[{"@type":"ReadAction","target":["https:\/\/de.hesmarkt.com\/produkt\/king-kucuk-boy\/"]}]},{"@type":"BreadcrumbList","@id":"https:\/\/de.hesmarkt.com\/produkt\/king-kucuk-boy\/#breadcrumb","itemListElement":[{"@type":"ListItem","position":1,"name":"Anasayfa","item":"https:\/\/de.hesmarkt.com\/en\/"},{"@type":"ListItem","position":2,"name":"Shop","item":"https:\/\/de.hesmarkt.com\/en\/shop-2\/"},{"@type":"ListItem","position":3,"name":"King ( K\u00fc\u00e7\u00fck Boy )"}]}]}},"_links":{"self":[{"href":"https:\/\/de.hesmarkt.com\/en\/wp-json\/wp\/v2\/product\/14240"}],"collection":[{"href":"https:\/\/de.hesmarkt.com\/en\/wp-json\/wp\/v2\/product"}],"about":[{"href":"https:\/\/de.hesmarkt.com\/en\/wp-json\/wp\/v2\/types\/product"}],"wp:featuredmedia":[{"embeddable":true,"href":"https:\/\/de.hesmarkt.com\/en\/wp-json\/wp\/v2\/media\/14241"}],"wp:attachment":[{"href":"https:\/\/de.hesmarkt.com\/en\/wp-json\/wp\/v2\/media?parent=14240"}],"wp:term":[{"taxonomy":"product_cat","embeddable":true,"href":"https:\/\/de.hesmarkt.com\/en\/wp-json\/wp\/v2\/product_cat?post=14240"},{"taxonomy":"product_tag","embeddable":true,"href":"https:\/\/de.hesmarkt.com\/en\/wp-json\/wp\/v2\/product_tag?post=14240"}],"curies":[{"name":"wp","href":"https:\/\/api.w.org\/{rel}","templated":true}]}}