{"id":14349,"date":"2021-05-07T14:50:48","date_gmt":"2021-05-07T11:50:48","guid":{"rendered":"https:\/\/de.hesmarkt.com\/?post_type=product&#038;p=14349"},"modified":"2021-05-27T17:02:09","modified_gmt":"2021-05-27T14:02:09","slug":"cumartesi","status":"publish","type":"product","link":"https:\/\/de.hesmarkt.com\/en\/produkt\/cumartesi\/","title":{"rendered":"Cumartesi"},"content":{"rendered":"<p>*6 adet fincan\/kupa ask\u0131s\u0131 ve \u015fi\u015fe\/bardak kullan\u0131m alan\u0131ndan olu\u015fmaktad\u0131r.<\/p>\n<p>*Kompakt tasar\u0131m\u0131 sayesinde alandan tasarruf etmenize yard\u0131mc\u0131 olur.<\/p>\n<p>*\u00d6zel tasar\u0131m olan \u00fcr\u00fcn, kahve bar\u0131, alkol bar\u0131 ve diledi\u011finiz bir \u00e7ok \u015fekilde kullanabilirsiniz.<\/p>\n<p>*Masif Panelden \u00fcretilmi\u015ftir<\/p>\n<p>*Uygun montajda en fazla 10 kg ta\u015f\u0131ma kapasitesine sahiptir.<\/p>\n<p>*Entegre, g\u00f6r\u00fcnmez duvar braketleri, vidalar ve d\u00fcbeller \u00fcr\u00fcn kutusunda mevcuttur.<\/p>\n<p>*\u00dcr\u00fcn resimlerindeki aksesuarlar te\u015fhir ama\u00e7l\u0131 olup, fiyata dahil de\u011fildir<\/p>\n<p>*T\u00fcrkiye\u2019de \u00fcretilmi\u015ftir. Tamamen do\u011fal ve el i\u015f\u00e7ili\u011fi ile haz\u0131rlanan \u00fcr\u00fcnlerimizde\u00a0 sa\u011fl\u0131\u011fa zararl\u0131 hi\u00e7 bir madde bulunmamaktad\u0131r.<\/p>\n<p>*Evinizin bir \u00e7ok yerinde kullanabilmeniz i\u00e7in tasarlanm\u0131\u015ft\u0131r.<\/p>\n<p>*Do\u011fal ah\u015faptan \u00fcretildi\u011fi i\u00e7in her par\u00e7a e\u015fsizdir. (Desen ve renkte g\u00f6rselden farkl\u0131l\u0131klar olabilir.).<\/p>\n<p>*Dayan\u0131kl\u0131, \u00e7evreye duyarl\u0131 ve kolay montaj imkan\u0131 sa\u011flayan dekoratif \u00f6zel tasar\u0131m kompakt duvar bar\u0131n\u0131 uzun y\u0131llar kullanabilirsiniz<\/p>\n","protected":false},"excerpt":{"rendered":"<p>Dekoratif Bar Dolab\u0131<\/p>\n","protected":false},"featured_media":14350,"template":"","meta":[],"product_cat":[153],"product_tag":[],"yoast_head":"<!-- This site is optimized with the Yoast SEO plugin v18.8 - https:\/\/yoast.com\/wordpress\/plugins\/seo\/ -->\n<title>Cumartesi - Hes Markt<\/title>\n<meta name=\"robots\" content=\"index, follow, max-snippet:-1, max-image-preview:large, max-video-preview:-1\" \/>\n<link rel=\"canonical\" href=\"https:\/\/de.hesmarkt.com\/produkt\/cumartesi\/\" \/>\n<meta property=\"og:locale\" content=\"en_US\" \/>\n<meta property=\"og:type\" content=\"article\" \/>\n<meta property=\"og:title\" content=\"Cumartesi - Hes Markt\" \/>\n<meta property=\"og:description\" content=\"Dekoratif Bar Dolab\u0131\" \/>\n<meta property=\"og:url\" content=\"https:\/\/de.hesmarkt.com\/produkt\/cumartesi\/\" \/>\n<meta property=\"og:site_name\" content=\"Hes Markt\" \/>\n<meta property=\"article:modified_time\" content=\"2021-05-27T14:02:09+00:00\" \/>\n<meta property=\"og:image\" content=\"https:\/\/de.hesmarkt.com\/wp-content\/uploads\/2021\/05\/CUMARTESI_1.jpg\" \/>\n\t<meta property=\"og:image:width\" content=\"800\" \/>\n\t<meta property=\"og:image:height\" content=\"600\" \/>\n\t<meta property=\"og:image:type\" content=\"image\/jpeg\" \/>\n<meta name=\"twitter:card\" content=\"summary_large_image\" \/>\n<meta name=\"twitter:label1\" content=\"Est. reading time\" \/>\n\t<meta name=\"twitter:data1\" content=\"1 minute\" \/>\n<script type=\"application\/ld+json\" class=\"yoast-schema-graph\">{\"@context\":\"https:\/\/schema.org\",\"@graph\":[{\"@type\":\"WebSite\",\"@id\":\"https:\/\/de.hesmarkt.com\/#website\",\"url\":\"https:\/\/de.hesmarkt.com\/\",\"name\":\"Hes Markt\",\"description\":\"\",\"potentialAction\":[{\"@type\":\"SearchAction\",\"target\":{\"@type\":\"EntryPoint\",\"urlTemplate\":\"https:\/\/de.hesmarkt.com\/?s={search_term_string}\"},\"query-input\":\"required name=search_term_string\"}],\"inLanguage\":\"en-US\"},{\"@type\":\"ImageObject\",\"inLanguage\":\"en-US\",\"@id\":\"https:\/\/de.hesmarkt.com\/produkt\/cumartesi\/#primaryimage\",\"url\":\"https:\/\/de.hesmarkt.com\/wp-content\/uploads\/2021\/05\/CUMARTESI_1.jpg\",\"contentUrl\":\"https:\/\/de.hesmarkt.com\/wp-content\/uploads\/2021\/05\/CUMARTESI_1.jpg\",\"width\":800,\"height\":600},{\"@type\":\"WebPage\",\"@id\":\"https:\/\/de.hesmarkt.com\/produkt\/cumartesi\/#webpage\",\"url\":\"https:\/\/de.hesmarkt.com\/produkt\/cumartesi\/\",\"name\":\"Cumartesi - Hes Markt\",\"isPartOf\":{\"@id\":\"https:\/\/de.hesmarkt.com\/#website\"},\"primaryImageOfPage\":{\"@id\":\"https:\/\/de.hesmarkt.com\/produkt\/cumartesi\/#primaryimage\"},\"datePublished\":\"2021-05-07T11:50:48+00:00\",\"dateModified\":\"2021-05-27T14:02:09+00:00\",\"breadcrumb\":{\"@id\":\"https:\/\/de.hesmarkt.com\/produkt\/cumartesi\/#breadcrumb\"},\"inLanguage\":\"en-US\",\"potentialAction\":[{\"@type\":\"ReadAction\",\"target\":[\"https:\/\/de.hesmarkt.com\/produkt\/cumartesi\/\"]}]},{\"@type\":\"BreadcrumbList\",\"@id\":\"https:\/\/de.hesmarkt.com\/produkt\/cumartesi\/#breadcrumb\",\"itemListElement\":[{\"@type\":\"ListItem\",\"position\":1,\"name\":\"Anasayfa\",\"item\":\"https:\/\/de.hesmarkt.com\/en\/\"},{\"@type\":\"ListItem\",\"position\":2,\"name\":\"Shop\",\"item\":\"https:\/\/de.hesmarkt.com\/en\/shop-2\/\"},{\"@type\":\"ListItem\",\"position\":3,\"name\":\"Cumartesi\"}]}]}<\/script>\n<!-- \/ Yoast SEO plugin. -->","yoast_head_json":{"title":"Cumartesi - Hes Markt","robots":{"index":"index","follow":"follow","max-snippet":"max-snippet:-1","max-image-preview":"max-image-preview:large","max-video-preview":"max-video-preview:-1"},"canonical":"https:\/\/de.hesmarkt.com\/produkt\/cumartesi\/","og_locale":"en_US","og_type":"article","og_title":"Cumartesi - Hes Markt","og_description":"Dekoratif Bar Dolab\u0131","og_url":"https:\/\/de.hesmarkt.com\/produkt\/cumartesi\/","og_site_name":"Hes Markt","article_modified_time":"2021-05-27T14:02:09+00:00","og_image":[{"width":800,"height":600,"url":"https:\/\/de.hesmarkt.com\/wp-content\/uploads\/2021\/05\/CUMARTESI_1.jpg","type":"image\/jpeg"}],"twitter_card":"summary_large_image","twitter_misc":{"Est. reading time":"1 minute"},"schema":{"@context":"https:\/\/schema.org","@graph":[{"@type":"WebSite","@id":"https:\/\/de.hesmarkt.com\/#website","url":"https:\/\/de.hesmarkt.com\/","name":"Hes Markt","description":"","potentialAction":[{"@type":"SearchAction","target":{"@type":"EntryPoint","urlTemplate":"https:\/\/de.hesmarkt.com\/?s={search_term_string}"},"query-input":"required name=search_term_string"}],"inLanguage":"en-US"},{"@type":"ImageObject","inLanguage":"en-US","@id":"https:\/\/de.hesmarkt.com\/produkt\/cumartesi\/#primaryimage","url":"https:\/\/de.hesmarkt.com\/wp-content\/uploads\/2021\/05\/CUMARTESI_1.jpg","contentUrl":"https:\/\/de.hesmarkt.com\/wp-content\/uploads\/2021\/05\/CUMARTESI_1.jpg","width":800,"height":600},{"@type":"WebPage","@id":"https:\/\/de.hesmarkt.com\/produkt\/cumartesi\/#webpage","url":"https:\/\/de.hesmarkt.com\/produkt\/cumartesi\/","name":"Cumartesi - Hes Markt","isPartOf":{"@id":"https:\/\/de.hesmarkt.com\/#website"},"primaryImageOfPage":{"@id":"https:\/\/de.hesmarkt.com\/produkt\/cumartesi\/#primaryimage"},"datePublished":"2021-05-07T11:50:48+00:00","dateModified":"2021-05-27T14:02:09+00:00","breadcrumb":{"@id":"https:\/\/de.hesmarkt.com\/produkt\/cumartesi\/#breadcrumb"},"inLanguage":"en-US","potentialAction":[{"@type":"ReadAction","target":["https:\/\/de.hesmarkt.com\/produkt\/cumartesi\/"]}]},{"@type":"BreadcrumbList","@id":"https:\/\/de.hesmarkt.com\/produkt\/cumartesi\/#breadcrumb","itemListElement":[{"@type":"ListItem","position":1,"name":"Anasayfa","item":"https:\/\/de.hesmarkt.com\/en\/"},{"@type":"ListItem","position":2,"name":"Shop","item":"https:\/\/de.hesmarkt.com\/en\/shop-2\/"},{"@type":"ListItem","position":3,"name":"Cumartesi"}]}]}},"_links":{"self":[{"href":"https:\/\/de.hesmarkt.com\/en\/wp-json\/wp\/v2\/product\/14349"}],"collection":[{"href":"https:\/\/de.hesmarkt.com\/en\/wp-json\/wp\/v2\/product"}],"about":[{"href":"https:\/\/de.hesmarkt.com\/en\/wp-json\/wp\/v2\/types\/product"}],"wp:featuredmedia":[{"embeddable":true,"href":"https:\/\/de.hesmarkt.com\/en\/wp-json\/wp\/v2\/media\/14350"}],"wp:attachment":[{"href":"https:\/\/de.hesmarkt.com\/en\/wp-json\/wp\/v2\/media?parent=14349"}],"wp:term":[{"taxonomy":"product_cat","embeddable":true,"href":"https:\/\/de.hesmarkt.com\/en\/wp-json\/wp\/v2\/product_cat?post=14349"},{"taxonomy":"product_tag","embeddable":true,"href":"https:\/\/de.hesmarkt.com\/en\/wp-json\/wp\/v2\/product_tag?post=14349"}],"curies":[{"name":"wp","href":"https:\/\/api.w.org\/{rel}","templated":true}]}}