{"id":14392,"date":"2021-05-07T15:20:59","date_gmt":"2021-05-07T12:20:59","guid":{"rendered":"https:\/\/de.hesmarkt.com\/?post_type=product&#038;p=14392"},"modified":"2021-05-27T17:03:31","modified_gmt":"2021-05-27T14:03:31","slug":"sedef","status":"publish","type":"product","link":"https:\/\/de.hesmarkt.com\/en\/produkt\/sedef\/","title":{"rendered":"Sedef"},"content":{"rendered":"<p>*Tek par\u00e7a halinde sat\u0131lmaktad\u0131r.<\/p>\n<p>*\u00d6zel tasar\u0131m\u0131 sayesinde sehpa yada tabure olarak kullanabilirsiniz.<\/p>\n<p>*\u00dcr\u00fcn temizli\u011fini suyu s\u0131k\u0131lm\u0131\u015f\u00a0 nemli bez ile yapabilirsiniz.<\/p>\n<p>*\u00dcr\u00fcn demonte olarak g\u00f6nderilmekte olup kurulum\u00a0 m\u00fc\u015fteriye aittir.<\/p>\n<p>*Paketlerde basit ve sorunsuz kurulum\u00a0 i\u00e7in gerekli kurulum \u015femas\u0131, t\u00fcm vida ve aksesuarlar\u0131n montaj \u015femas\u0131 ile uyumlu malzeme torbas\u0131 \u00e7\u0131kmaktad\u0131r.<\/p>\n<p>*T\u00fcrkiye\u2019de \u00fcretilmi\u015ftir. Tamamen do\u011fal ve el i\u015f\u00e7ili\u011fi ile haz\u0131rlanan \u00fcr\u00fcnlerimizde sa\u011fl\u0131\u011fa zararl\u0131 hi\u00e7 bir madde bulunmamaktad\u0131r.<\/p>\n<p>*D\u0131\u015f mekan kullan\u0131m\u0131na uygundur.<\/p>\n<p>*Evinizin bir \u00e7ok yerinde kullanabilmeniz i\u00e7in \u00f6zel olarak tasarlanm\u0131\u015ft\u0131r.<\/p>\n<p>*Do\u011fal ah\u015faptan \u00fcretildi\u011fi i\u00e7in her par\u00e7a e\u015fsizdir. (Desen ve renkte g\u00f6rselden farkl\u0131l\u0131klar olabilir.).<\/p>\n<p>*Dayan\u0131kl\u0131, \u00e7evreye duyarl\u0131 ve kolay montaj imkan\u0131 sa\u011flayan \u00f6zel tasar\u0131m \u00e7ok ama\u00e7l\u0131 masa\/ tabureyi uzun y\u0131llar kullanabilirsiniz<\/p>\n","protected":false},"excerpt":{"rendered":"<p>\u00d6zel Tasar\u0131m Sehpa\/ Tabure<\/p>\n","protected":false},"featured_media":17235,"template":"","meta":[],"product_cat":[154],"product_tag":[],"yoast_head":"<!-- This site is optimized with the Yoast SEO plugin v18.8 - https:\/\/yoast.com\/wordpress\/plugins\/seo\/ -->\n<title>Sedef - Hes Markt<\/title>\n<meta name=\"robots\" content=\"index, follow, max-snippet:-1, max-image-preview:large, max-video-preview:-1\" \/>\n<link rel=\"canonical\" href=\"https:\/\/de.hesmarkt.com\/produkt\/sedef\/\" \/>\n<meta property=\"og:locale\" content=\"en_US\" \/>\n<meta property=\"og:type\" content=\"article\" \/>\n<meta property=\"og:title\" content=\"Sedef - Hes Markt\" \/>\n<meta property=\"og:description\" content=\"\u00d6zel Tasar\u0131m Sehpa\/ Tabure\" \/>\n<meta property=\"og:url\" content=\"https:\/\/de.hesmarkt.com\/produkt\/sedef\/\" \/>\n<meta property=\"og:site_name\" content=\"Hes Markt\" \/>\n<meta property=\"article:modified_time\" content=\"2021-05-27T14:03:31+00:00\" \/>\n<meta property=\"og:image\" content=\"https:\/\/de.hesmarkt.com\/wp-content\/uploads\/2021\/05\/SEDEF_1-1.jpg\" \/>\n\t<meta property=\"og:image:width\" content=\"800\" \/>\n\t<meta property=\"og:image:height\" content=\"600\" \/>\n\t<meta property=\"og:image:type\" content=\"image\/jpeg\" \/>\n<meta name=\"twitter:card\" content=\"summary_large_image\" \/>\n<meta name=\"twitter:label1\" content=\"Est. reading time\" \/>\n\t<meta name=\"twitter:data1\" content=\"1 minute\" \/>\n<script type=\"application\/ld+json\" class=\"yoast-schema-graph\">{\"@context\":\"https:\/\/schema.org\",\"@graph\":[{\"@type\":\"WebSite\",\"@id\":\"https:\/\/de.hesmarkt.com\/#website\",\"url\":\"https:\/\/de.hesmarkt.com\/\",\"name\":\"Hes Markt\",\"description\":\"\",\"potentialAction\":[{\"@type\":\"SearchAction\",\"target\":{\"@type\":\"EntryPoint\",\"urlTemplate\":\"https:\/\/de.hesmarkt.com\/?s={search_term_string}\"},\"query-input\":\"required name=search_term_string\"}],\"inLanguage\":\"en-US\"},{\"@type\":\"ImageObject\",\"inLanguage\":\"en-US\",\"@id\":\"https:\/\/de.hesmarkt.com\/produkt\/sedef\/#primaryimage\",\"url\":\"https:\/\/de.hesmarkt.com\/wp-content\/uploads\/2021\/05\/SEDEF_1-1.jpg\",\"contentUrl\":\"https:\/\/de.hesmarkt.com\/wp-content\/uploads\/2021\/05\/SEDEF_1-1.jpg\",\"width\":800,\"height\":600},{\"@type\":\"WebPage\",\"@id\":\"https:\/\/de.hesmarkt.com\/produkt\/sedef\/#webpage\",\"url\":\"https:\/\/de.hesmarkt.com\/produkt\/sedef\/\",\"name\":\"Sedef - Hes Markt\",\"isPartOf\":{\"@id\":\"https:\/\/de.hesmarkt.com\/#website\"},\"primaryImageOfPage\":{\"@id\":\"https:\/\/de.hesmarkt.com\/produkt\/sedef\/#primaryimage\"},\"datePublished\":\"2021-05-07T12:20:59+00:00\",\"dateModified\":\"2021-05-27T14:03:31+00:00\",\"breadcrumb\":{\"@id\":\"https:\/\/de.hesmarkt.com\/produkt\/sedef\/#breadcrumb\"},\"inLanguage\":\"en-US\",\"potentialAction\":[{\"@type\":\"ReadAction\",\"target\":[\"https:\/\/de.hesmarkt.com\/produkt\/sedef\/\"]}]},{\"@type\":\"BreadcrumbList\",\"@id\":\"https:\/\/de.hesmarkt.com\/produkt\/sedef\/#breadcrumb\",\"itemListElement\":[{\"@type\":\"ListItem\",\"position\":1,\"name\":\"Anasayfa\",\"item\":\"https:\/\/de.hesmarkt.com\/en\/\"},{\"@type\":\"ListItem\",\"position\":2,\"name\":\"Shop\",\"item\":\"https:\/\/de.hesmarkt.com\/en\/shop-2\/\"},{\"@type\":\"ListItem\",\"position\":3,\"name\":\"Sedef\"}]}]}<\/script>\n<!-- \/ Yoast SEO plugin. -->","yoast_head_json":{"title":"Sedef - Hes Markt","robots":{"index":"index","follow":"follow","max-snippet":"max-snippet:-1","max-image-preview":"max-image-preview:large","max-video-preview":"max-video-preview:-1"},"canonical":"https:\/\/de.hesmarkt.com\/produkt\/sedef\/","og_locale":"en_US","og_type":"article","og_title":"Sedef - Hes Markt","og_description":"\u00d6zel Tasar\u0131m Sehpa\/ Tabure","og_url":"https:\/\/de.hesmarkt.com\/produkt\/sedef\/","og_site_name":"Hes Markt","article_modified_time":"2021-05-27T14:03:31+00:00","og_image":[{"width":800,"height":600,"url":"https:\/\/de.hesmarkt.com\/wp-content\/uploads\/2021\/05\/SEDEF_1-1.jpg","type":"image\/jpeg"}],"twitter_card":"summary_large_image","twitter_misc":{"Est. reading time":"1 minute"},"schema":{"@context":"https:\/\/schema.org","@graph":[{"@type":"WebSite","@id":"https:\/\/de.hesmarkt.com\/#website","url":"https:\/\/de.hesmarkt.com\/","name":"Hes Markt","description":"","potentialAction":[{"@type":"SearchAction","target":{"@type":"EntryPoint","urlTemplate":"https:\/\/de.hesmarkt.com\/?s={search_term_string}"},"query-input":"required name=search_term_string"}],"inLanguage":"en-US"},{"@type":"ImageObject","inLanguage":"en-US","@id":"https:\/\/de.hesmarkt.com\/produkt\/sedef\/#primaryimage","url":"https:\/\/de.hesmarkt.com\/wp-content\/uploads\/2021\/05\/SEDEF_1-1.jpg","contentUrl":"https:\/\/de.hesmarkt.com\/wp-content\/uploads\/2021\/05\/SEDEF_1-1.jpg","width":800,"height":600},{"@type":"WebPage","@id":"https:\/\/de.hesmarkt.com\/produkt\/sedef\/#webpage","url":"https:\/\/de.hesmarkt.com\/produkt\/sedef\/","name":"Sedef - Hes Markt","isPartOf":{"@id":"https:\/\/de.hesmarkt.com\/#website"},"primaryImageOfPage":{"@id":"https:\/\/de.hesmarkt.com\/produkt\/sedef\/#primaryimage"},"datePublished":"2021-05-07T12:20:59+00:00","dateModified":"2021-05-27T14:03:31+00:00","breadcrumb":{"@id":"https:\/\/de.hesmarkt.com\/produkt\/sedef\/#breadcrumb"},"inLanguage":"en-US","potentialAction":[{"@type":"ReadAction","target":["https:\/\/de.hesmarkt.com\/produkt\/sedef\/"]}]},{"@type":"BreadcrumbList","@id":"https:\/\/de.hesmarkt.com\/produkt\/sedef\/#breadcrumb","itemListElement":[{"@type":"ListItem","position":1,"name":"Anasayfa","item":"https:\/\/de.hesmarkt.com\/en\/"},{"@type":"ListItem","position":2,"name":"Shop","item":"https:\/\/de.hesmarkt.com\/en\/shop-2\/"},{"@type":"ListItem","position":3,"name":"Sedef"}]}]}},"_links":{"self":[{"href":"https:\/\/de.hesmarkt.com\/en\/wp-json\/wp\/v2\/product\/14392"}],"collection":[{"href":"https:\/\/de.hesmarkt.com\/en\/wp-json\/wp\/v2\/product"}],"about":[{"href":"https:\/\/de.hesmarkt.com\/en\/wp-json\/wp\/v2\/types\/product"}],"wp:featuredmedia":[{"embeddable":true,"href":"https:\/\/de.hesmarkt.com\/en\/wp-json\/wp\/v2\/media\/17235"}],"wp:attachment":[{"href":"https:\/\/de.hesmarkt.com\/en\/wp-json\/wp\/v2\/media?parent=14392"}],"wp:term":[{"taxonomy":"product_cat","embeddable":true,"href":"https:\/\/de.hesmarkt.com\/en\/wp-json\/wp\/v2\/product_cat?post=14392"},{"taxonomy":"product_tag","embeddable":true,"href":"https:\/\/de.hesmarkt.com\/en\/wp-json\/wp\/v2\/product_tag?post=14392"}],"curies":[{"name":"wp","href":"https:\/\/api.w.org\/{rel}","templated":true}]}}