{"id":14422,"date":"2021-05-07T15:35:19","date_gmt":"2021-05-07T12:35:19","guid":{"rendered":"https:\/\/de.hesmarkt.com\/?post_type=product&#038;p=14422"},"modified":"2021-05-27T17:07:22","modified_gmt":"2021-05-27T14:07:22","slug":"papaya","status":"publish","type":"product","link":"https:\/\/de.hesmarkt.com\/en\/produkt\/papaya\/","title":{"rendered":"Papaya"},"content":{"rendered":"<p>*Tek par\u00e7adan olu\u015fmaktad\u0131r.<\/p>\n<p>*4 adet \u015fi\u015fe konulacak \u015fekilde tasarlanm\u0131\u015ft\u0131r.<\/p>\n<p>*\u015earaplar\u0131n\u0131z\u0131 en \u015f\u0131k bi\u00e7imde sunman\u0131za yard\u0131mc\u0131 olur.<\/p>\n<p>*Tezgah \u00fcst\u00fc kullan\u0131m i\u00e7in tasarlanm\u0131\u015ft\u0131r.<\/p>\n<p>*T\u00fcrkiye\u2019de \u00fcretilmi\u015ftir.<\/p>\n<p>*Do\u011fal ah\u015faptan \u00fcretildi\u011fi i\u00e7in her par\u00e7a e\u015fsizdir. (Desen ve renkte g\u00f6rselden farkl\u0131l\u0131klar olabilir.).<\/p>\n<p>*Dayan\u0131kl\u0131, \u00e7evreye duyarl\u0131 dekoratif w \u015farapl\u0131k uzun y\u0131llar kullanabilirsiniz.<\/p>\n","protected":false},"excerpt":{"rendered":"<p>Dekoratif \u015earapl\u0131k<\/p>\n","protected":false},"featured_media":14423,"template":"","meta":[],"product_cat":[155],"product_tag":[],"yoast_head":"<!-- This site is optimized with the Yoast SEO plugin v18.8 - https:\/\/yoast.com\/wordpress\/plugins\/seo\/ -->\n<title>Papaya - Hes Markt<\/title>\n<meta name=\"robots\" content=\"index, follow, max-snippet:-1, max-image-preview:large, max-video-preview:-1\" \/>\n<link rel=\"canonical\" href=\"https:\/\/de.hesmarkt.com\/produkt\/papaya\/\" \/>\n<meta property=\"og:locale\" content=\"en_US\" \/>\n<meta property=\"og:type\" content=\"article\" \/>\n<meta property=\"og:title\" content=\"Papaya - Hes Markt\" \/>\n<meta property=\"og:description\" content=\"Dekoratif \u015earapl\u0131k\" \/>\n<meta property=\"og:url\" content=\"https:\/\/de.hesmarkt.com\/produkt\/papaya\/\" \/>\n<meta property=\"og:site_name\" content=\"Hes Markt\" \/>\n<meta property=\"article:modified_time\" content=\"2021-05-27T14:07:22+00:00\" \/>\n<meta property=\"og:image\" content=\"https:\/\/de.hesmarkt.com\/wp-content\/uploads\/2021\/05\/PAPAYA_1.jpg\" \/>\n\t<meta property=\"og:image:width\" content=\"800\" \/>\n\t<meta property=\"og:image:height\" content=\"600\" \/>\n\t<meta property=\"og:image:type\" content=\"image\/jpeg\" \/>\n<meta name=\"twitter:card\" content=\"summary_large_image\" \/>\n<script type=\"application\/ld+json\" class=\"yoast-schema-graph\">{\"@context\":\"https:\/\/schema.org\",\"@graph\":[{\"@type\":\"WebSite\",\"@id\":\"https:\/\/de.hesmarkt.com\/#website\",\"url\":\"https:\/\/de.hesmarkt.com\/\",\"name\":\"Hes Markt\",\"description\":\"\",\"potentialAction\":[{\"@type\":\"SearchAction\",\"target\":{\"@type\":\"EntryPoint\",\"urlTemplate\":\"https:\/\/de.hesmarkt.com\/?s={search_term_string}\"},\"query-input\":\"required name=search_term_string\"}],\"inLanguage\":\"en-US\"},{\"@type\":\"ImageObject\",\"inLanguage\":\"en-US\",\"@id\":\"https:\/\/de.hesmarkt.com\/produkt\/papaya\/#primaryimage\",\"url\":\"https:\/\/de.hesmarkt.com\/wp-content\/uploads\/2021\/05\/PAPAYA_1.jpg\",\"contentUrl\":\"https:\/\/de.hesmarkt.com\/wp-content\/uploads\/2021\/05\/PAPAYA_1.jpg\",\"width\":800,\"height\":600},{\"@type\":\"WebPage\",\"@id\":\"https:\/\/de.hesmarkt.com\/produkt\/papaya\/#webpage\",\"url\":\"https:\/\/de.hesmarkt.com\/produkt\/papaya\/\",\"name\":\"Papaya - Hes Markt\",\"isPartOf\":{\"@id\":\"https:\/\/de.hesmarkt.com\/#website\"},\"primaryImageOfPage\":{\"@id\":\"https:\/\/de.hesmarkt.com\/produkt\/papaya\/#primaryimage\"},\"datePublished\":\"2021-05-07T12:35:19+00:00\",\"dateModified\":\"2021-05-27T14:07:22+00:00\",\"breadcrumb\":{\"@id\":\"https:\/\/de.hesmarkt.com\/produkt\/papaya\/#breadcrumb\"},\"inLanguage\":\"en-US\",\"potentialAction\":[{\"@type\":\"ReadAction\",\"target\":[\"https:\/\/de.hesmarkt.com\/produkt\/papaya\/\"]}]},{\"@type\":\"BreadcrumbList\",\"@id\":\"https:\/\/de.hesmarkt.com\/produkt\/papaya\/#breadcrumb\",\"itemListElement\":[{\"@type\":\"ListItem\",\"position\":1,\"name\":\"Anasayfa\",\"item\":\"https:\/\/de.hesmarkt.com\/en\/\"},{\"@type\":\"ListItem\",\"position\":2,\"name\":\"Shop\",\"item\":\"https:\/\/de.hesmarkt.com\/en\/shop-2\/\"},{\"@type\":\"ListItem\",\"position\":3,\"name\":\"Papaya\"}]}]}<\/script>\n<!-- \/ Yoast SEO plugin. -->","yoast_head_json":{"title":"Papaya - Hes Markt","robots":{"index":"index","follow":"follow","max-snippet":"max-snippet:-1","max-image-preview":"max-image-preview:large","max-video-preview":"max-video-preview:-1"},"canonical":"https:\/\/de.hesmarkt.com\/produkt\/papaya\/","og_locale":"en_US","og_type":"article","og_title":"Papaya - Hes Markt","og_description":"Dekoratif \u015earapl\u0131k","og_url":"https:\/\/de.hesmarkt.com\/produkt\/papaya\/","og_site_name":"Hes Markt","article_modified_time":"2021-05-27T14:07:22+00:00","og_image":[{"width":800,"height":600,"url":"https:\/\/de.hesmarkt.com\/wp-content\/uploads\/2021\/05\/PAPAYA_1.jpg","type":"image\/jpeg"}],"twitter_card":"summary_large_image","schema":{"@context":"https:\/\/schema.org","@graph":[{"@type":"WebSite","@id":"https:\/\/de.hesmarkt.com\/#website","url":"https:\/\/de.hesmarkt.com\/","name":"Hes Markt","description":"","potentialAction":[{"@type":"SearchAction","target":{"@type":"EntryPoint","urlTemplate":"https:\/\/de.hesmarkt.com\/?s={search_term_string}"},"query-input":"required name=search_term_string"}],"inLanguage":"en-US"},{"@type":"ImageObject","inLanguage":"en-US","@id":"https:\/\/de.hesmarkt.com\/produkt\/papaya\/#primaryimage","url":"https:\/\/de.hesmarkt.com\/wp-content\/uploads\/2021\/05\/PAPAYA_1.jpg","contentUrl":"https:\/\/de.hesmarkt.com\/wp-content\/uploads\/2021\/05\/PAPAYA_1.jpg","width":800,"height":600},{"@type":"WebPage","@id":"https:\/\/de.hesmarkt.com\/produkt\/papaya\/#webpage","url":"https:\/\/de.hesmarkt.com\/produkt\/papaya\/","name":"Papaya - Hes Markt","isPartOf":{"@id":"https:\/\/de.hesmarkt.com\/#website"},"primaryImageOfPage":{"@id":"https:\/\/de.hesmarkt.com\/produkt\/papaya\/#primaryimage"},"datePublished":"2021-05-07T12:35:19+00:00","dateModified":"2021-05-27T14:07:22+00:00","breadcrumb":{"@id":"https:\/\/de.hesmarkt.com\/produkt\/papaya\/#breadcrumb"},"inLanguage":"en-US","potentialAction":[{"@type":"ReadAction","target":["https:\/\/de.hesmarkt.com\/produkt\/papaya\/"]}]},{"@type":"BreadcrumbList","@id":"https:\/\/de.hesmarkt.com\/produkt\/papaya\/#breadcrumb","itemListElement":[{"@type":"ListItem","position":1,"name":"Anasayfa","item":"https:\/\/de.hesmarkt.com\/en\/"},{"@type":"ListItem","position":2,"name":"Shop","item":"https:\/\/de.hesmarkt.com\/en\/shop-2\/"},{"@type":"ListItem","position":3,"name":"Papaya"}]}]}},"_links":{"self":[{"href":"https:\/\/de.hesmarkt.com\/en\/wp-json\/wp\/v2\/product\/14422"}],"collection":[{"href":"https:\/\/de.hesmarkt.com\/en\/wp-json\/wp\/v2\/product"}],"about":[{"href":"https:\/\/de.hesmarkt.com\/en\/wp-json\/wp\/v2\/types\/product"}],"wp:featuredmedia":[{"embeddable":true,"href":"https:\/\/de.hesmarkt.com\/en\/wp-json\/wp\/v2\/media\/14423"}],"wp:attachment":[{"href":"https:\/\/de.hesmarkt.com\/en\/wp-json\/wp\/v2\/media?parent=14422"}],"wp:term":[{"taxonomy":"product_cat","embeddable":true,"href":"https:\/\/de.hesmarkt.com\/en\/wp-json\/wp\/v2\/product_cat?post=14422"},{"taxonomy":"product_tag","embeddable":true,"href":"https:\/\/de.hesmarkt.com\/en\/wp-json\/wp\/v2\/product_tag?post=14422"}],"curies":[{"name":"wp","href":"https:\/\/api.w.org\/{rel}","templated":true}]}}