{"id":14468,"date":"2021-05-07T15:55:49","date_gmt":"2021-05-07T12:55:49","guid":{"rendered":"https:\/\/de.hesmarkt.com\/?post_type=product&#038;p=14468"},"modified":"2021-05-27T17:08:19","modified_gmt":"2021-05-27T14:08:19","slug":"sfenks","status":"publish","type":"product","link":"https:\/\/de.hesmarkt.com\/en\/produkt\/sfenks\/","title":{"rendered":"Sfenks"},"content":{"rendered":"<p>*Kolay monte edilebilir yatak \u00e7er\u00e7evesi, k\u0131l\u0131fl\u0131 minder ve kedi t\u0131rmalama alan\u0131ndan olu\u015fmaktad\u0131r.<\/p>\n<p>*Minder k\u0131l\u0131f\u0131 \u00e7ama\u015f\u0131r makinesinde y\u0131kanabilir<\/p>\n<p>*Evcil hayvan \u00e7ad\u0131r\u0131 evinizde g\u00fczel bir dekor, sevimli dostunuz i\u00e7in kendine \u00f6zel g\u00fcvenli bir alan yarat\u0131r.<\/p>\n<p>*Entegre, vidalar ve d\u00fcbeller \u00fcr\u00fcn kutusunda mevcuttur.<\/p>\n<p>*Evcil hayvanlar\u0131n\u0131z\u0131n rahatl\u0131\u011f\u0131 d\u00fc\u015f\u00fcn\u00fclerek tasarlanm\u0131\u015ft\u0131r. (K\u00fc\u00e7\u00fck Irk K\u00f6pek ve Kedi i\u00e7in uygundur.)<\/p>\n<p>*Dekoratif \u00fc\u00e7gen t\u0131rm\u0131kl\u0131 pet yata\u011f\u0131, eviniz bir \u00e7ok k\u00f6\u015fesinde kullanabilmeniz i\u00e7in tasarlanm\u0131\u015ft\u0131r.<\/p>\n<p>*T\u00fcrkiye\u2019de \u00fcretilmi\u015ftir.<\/p>\n<p>*Dayan\u0131kl\u0131, \u00e7evreye duyarl\u0131 ve kolay montaj imkan\u0131 sunan dekoratif \u00fc\u00e7gen t\u0131rm\u0131kl\u0131 evcil hayvan yata\u011f\u0131n\u0131 uzun y\u0131llar kullanabilirsiniz.<\/p>\n","protected":false},"excerpt":{"rendered":"<p>Kedi- K\u00f6pek Yata\u011f\u0131<\/p>\n","protected":false},"featured_media":14469,"template":"","meta":[],"product_cat":[156],"product_tag":[],"yoast_head":"<!-- This site is optimized with the Yoast SEO plugin v18.8 - https:\/\/yoast.com\/wordpress\/plugins\/seo\/ -->\n<title>Sfenks - Hes Markt<\/title>\n<meta name=\"robots\" content=\"index, follow, max-snippet:-1, max-image-preview:large, max-video-preview:-1\" \/>\n<link rel=\"canonical\" href=\"https:\/\/de.hesmarkt.com\/produkt\/sfenks\/\" \/>\n<meta property=\"og:locale\" content=\"en_US\" \/>\n<meta property=\"og:type\" content=\"article\" \/>\n<meta property=\"og:title\" content=\"Sfenks - Hes Markt\" \/>\n<meta property=\"og:description\" content=\"Kedi- K\u00f6pek Yata\u011f\u0131\" \/>\n<meta property=\"og:url\" content=\"https:\/\/de.hesmarkt.com\/produkt\/sfenks\/\" \/>\n<meta property=\"og:site_name\" content=\"Hes Markt\" \/>\n<meta property=\"article:modified_time\" content=\"2021-05-27T14:08:19+00:00\" \/>\n<meta property=\"og:image\" content=\"https:\/\/de.hesmarkt.com\/wp-content\/uploads\/2021\/05\/SFENKS_1.jpg\" \/>\n\t<meta property=\"og:image:width\" content=\"800\" \/>\n\t<meta property=\"og:image:height\" content=\"600\" \/>\n\t<meta property=\"og:image:type\" content=\"image\/jpeg\" \/>\n<meta name=\"twitter:card\" content=\"summary_large_image\" \/>\n<meta name=\"twitter:label1\" content=\"Est. reading time\" \/>\n\t<meta name=\"twitter:data1\" content=\"1 minute\" \/>\n<script type=\"application\/ld+json\" class=\"yoast-schema-graph\">{\"@context\":\"https:\/\/schema.org\",\"@graph\":[{\"@type\":\"WebSite\",\"@id\":\"https:\/\/de.hesmarkt.com\/#website\",\"url\":\"https:\/\/de.hesmarkt.com\/\",\"name\":\"Hes Markt\",\"description\":\"\",\"potentialAction\":[{\"@type\":\"SearchAction\",\"target\":{\"@type\":\"EntryPoint\",\"urlTemplate\":\"https:\/\/de.hesmarkt.com\/?s={search_term_string}\"},\"query-input\":\"required name=search_term_string\"}],\"inLanguage\":\"en-US\"},{\"@type\":\"ImageObject\",\"inLanguage\":\"en-US\",\"@id\":\"https:\/\/de.hesmarkt.com\/produkt\/sfenks\/#primaryimage\",\"url\":\"https:\/\/de.hesmarkt.com\/wp-content\/uploads\/2021\/05\/SFENKS_1.jpg\",\"contentUrl\":\"https:\/\/de.hesmarkt.com\/wp-content\/uploads\/2021\/05\/SFENKS_1.jpg\",\"width\":800,\"height\":600},{\"@type\":\"WebPage\",\"@id\":\"https:\/\/de.hesmarkt.com\/produkt\/sfenks\/#webpage\",\"url\":\"https:\/\/de.hesmarkt.com\/produkt\/sfenks\/\",\"name\":\"Sfenks - Hes Markt\",\"isPartOf\":{\"@id\":\"https:\/\/de.hesmarkt.com\/#website\"},\"primaryImageOfPage\":{\"@id\":\"https:\/\/de.hesmarkt.com\/produkt\/sfenks\/#primaryimage\"},\"datePublished\":\"2021-05-07T12:55:49+00:00\",\"dateModified\":\"2021-05-27T14:08:19+00:00\",\"breadcrumb\":{\"@id\":\"https:\/\/de.hesmarkt.com\/produkt\/sfenks\/#breadcrumb\"},\"inLanguage\":\"en-US\",\"potentialAction\":[{\"@type\":\"ReadAction\",\"target\":[\"https:\/\/de.hesmarkt.com\/produkt\/sfenks\/\"]}]},{\"@type\":\"BreadcrumbList\",\"@id\":\"https:\/\/de.hesmarkt.com\/produkt\/sfenks\/#breadcrumb\",\"itemListElement\":[{\"@type\":\"ListItem\",\"position\":1,\"name\":\"Anasayfa\",\"item\":\"https:\/\/de.hesmarkt.com\/en\/\"},{\"@type\":\"ListItem\",\"position\":2,\"name\":\"Shop\",\"item\":\"https:\/\/de.hesmarkt.com\/en\/shop-2\/\"},{\"@type\":\"ListItem\",\"position\":3,\"name\":\"Sfenks\"}]}]}<\/script>\n<!-- \/ Yoast SEO plugin. -->","yoast_head_json":{"title":"Sfenks - Hes Markt","robots":{"index":"index","follow":"follow","max-snippet":"max-snippet:-1","max-image-preview":"max-image-preview:large","max-video-preview":"max-video-preview:-1"},"canonical":"https:\/\/de.hesmarkt.com\/produkt\/sfenks\/","og_locale":"en_US","og_type":"article","og_title":"Sfenks - Hes Markt","og_description":"Kedi- K\u00f6pek Yata\u011f\u0131","og_url":"https:\/\/de.hesmarkt.com\/produkt\/sfenks\/","og_site_name":"Hes Markt","article_modified_time":"2021-05-27T14:08:19+00:00","og_image":[{"width":800,"height":600,"url":"https:\/\/de.hesmarkt.com\/wp-content\/uploads\/2021\/05\/SFENKS_1.jpg","type":"image\/jpeg"}],"twitter_card":"summary_large_image","twitter_misc":{"Est. reading time":"1 minute"},"schema":{"@context":"https:\/\/schema.org","@graph":[{"@type":"WebSite","@id":"https:\/\/de.hesmarkt.com\/#website","url":"https:\/\/de.hesmarkt.com\/","name":"Hes Markt","description":"","potentialAction":[{"@type":"SearchAction","target":{"@type":"EntryPoint","urlTemplate":"https:\/\/de.hesmarkt.com\/?s={search_term_string}"},"query-input":"required name=search_term_string"}],"inLanguage":"en-US"},{"@type":"ImageObject","inLanguage":"en-US","@id":"https:\/\/de.hesmarkt.com\/produkt\/sfenks\/#primaryimage","url":"https:\/\/de.hesmarkt.com\/wp-content\/uploads\/2021\/05\/SFENKS_1.jpg","contentUrl":"https:\/\/de.hesmarkt.com\/wp-content\/uploads\/2021\/05\/SFENKS_1.jpg","width":800,"height":600},{"@type":"WebPage","@id":"https:\/\/de.hesmarkt.com\/produkt\/sfenks\/#webpage","url":"https:\/\/de.hesmarkt.com\/produkt\/sfenks\/","name":"Sfenks - Hes Markt","isPartOf":{"@id":"https:\/\/de.hesmarkt.com\/#website"},"primaryImageOfPage":{"@id":"https:\/\/de.hesmarkt.com\/produkt\/sfenks\/#primaryimage"},"datePublished":"2021-05-07T12:55:49+00:00","dateModified":"2021-05-27T14:08:19+00:00","breadcrumb":{"@id":"https:\/\/de.hesmarkt.com\/produkt\/sfenks\/#breadcrumb"},"inLanguage":"en-US","potentialAction":[{"@type":"ReadAction","target":["https:\/\/de.hesmarkt.com\/produkt\/sfenks\/"]}]},{"@type":"BreadcrumbList","@id":"https:\/\/de.hesmarkt.com\/produkt\/sfenks\/#breadcrumb","itemListElement":[{"@type":"ListItem","position":1,"name":"Anasayfa","item":"https:\/\/de.hesmarkt.com\/en\/"},{"@type":"ListItem","position":2,"name":"Shop","item":"https:\/\/de.hesmarkt.com\/en\/shop-2\/"},{"@type":"ListItem","position":3,"name":"Sfenks"}]}]}},"_links":{"self":[{"href":"https:\/\/de.hesmarkt.com\/en\/wp-json\/wp\/v2\/product\/14468"}],"collection":[{"href":"https:\/\/de.hesmarkt.com\/en\/wp-json\/wp\/v2\/product"}],"about":[{"href":"https:\/\/de.hesmarkt.com\/en\/wp-json\/wp\/v2\/types\/product"}],"wp:featuredmedia":[{"embeddable":true,"href":"https:\/\/de.hesmarkt.com\/en\/wp-json\/wp\/v2\/media\/14469"}],"wp:attachment":[{"href":"https:\/\/de.hesmarkt.com\/en\/wp-json\/wp\/v2\/media?parent=14468"}],"wp:term":[{"taxonomy":"product_cat","embeddable":true,"href":"https:\/\/de.hesmarkt.com\/en\/wp-json\/wp\/v2\/product_cat?post=14468"},{"taxonomy":"product_tag","embeddable":true,"href":"https:\/\/de.hesmarkt.com\/en\/wp-json\/wp\/v2\/product_tag?post=14468"}],"curies":[{"name":"wp","href":"https:\/\/api.w.org\/{rel}","templated":true}]}}