{"id":14525,"date":"2021-05-07T16:57:24","date_gmt":"2021-05-07T13:57:24","guid":{"rendered":"https:\/\/de.hesmarkt.com\/?post_type=product&#038;p=14525"},"modified":"2021-05-27T17:13:42","modified_gmt":"2021-05-27T14:13:42","slug":"alacati","status":"publish","type":"product","link":"https:\/\/de.hesmarkt.com\/en\/produkt\/alacati\/","title":{"rendered":"Ala\u00e7at\u0131"},"content":{"rendered":"<p>*Ah\u015fap \u00e7ok ama\u00e7l\u0131 sepet.<\/p>\n<p>*\u00d6zel demonte yap\u0131s\u0131 sayesinde sallanma problemine sebep olmaz. Defalarca s\u00f6k\u00fcl\u00fcp tekrar monte edilebilir.<\/p>\n<p>*\u00dcr\u00fcnlerin temizli\u011fi suyu s\u0131k\u0131lm\u0131\u015f\u00a0 nemli bez ile yapabilirsiniz.<\/p>\n<p>*\u00dcr\u00fcn resimlerindeki aksesuarlar te\u015fhir ama\u00e7l\u0131 olup, fiyata dahil de\u011fildir<\/p>\n<p>*\u00dcr\u00fcn demonte olarak g\u00f6nderilmekte olup kurulum\u00a0 m\u00fc\u015fteriye aittir.<\/p>\n<p>*Paketlerde basit ve sorunsuz kurulum\u00a0 i\u00e7in gerekli kurulum \u015femas\u0131, t\u00fcm vida ve aksesuarlar\u0131n montaj \u015femas\u0131 ile uyumlu malzeme torbas\u0131 \u00e7\u0131kmaktad\u0131r.<\/p>\n<p>*T\u00fcrkiye\u2019de \u00fcretilmi\u015ftir.<\/p>\n<p>*Evinizin bir \u00e7ok yerinde kullanabilmeniz i\u00e7in tasarlanm\u0131\u015ft\u0131r.<\/p>\n<p>*Do\u011fal ah\u015faptan \u00fcretildi\u011fi i\u00e7in her par\u00e7a e\u015fsizdir. (Desen ve renkte g\u00f6rselden farkl\u0131l\u0131klar olabilir.).<\/p>\n<p>*Dayan\u0131kl\u0131, \u00e7evreye duyarl\u0131 ve kolay montaj imkan\u0131 sa\u011flayan dekoratif sepeti uzun y\u0131llar kullanabilirsiniz<\/p>\n","protected":false},"excerpt":{"rendered":"<p>Dekoratif Sepet<\/p>\n","protected":false},"featured_media":14526,"template":"","meta":[],"product_cat":[158],"product_tag":[],"yoast_head":"<!-- This site is optimized with the Yoast SEO plugin v18.8 - https:\/\/yoast.com\/wordpress\/plugins\/seo\/ -->\n<title>Ala\u00e7at\u0131 - Hes Markt<\/title>\n<meta name=\"robots\" content=\"index, follow, max-snippet:-1, max-image-preview:large, max-video-preview:-1\" \/>\n<link rel=\"canonical\" href=\"https:\/\/de.hesmarkt.com\/produkt\/alacati\/\" \/>\n<meta property=\"og:locale\" content=\"en_US\" \/>\n<meta property=\"og:type\" content=\"article\" \/>\n<meta property=\"og:title\" content=\"Ala\u00e7at\u0131 - Hes Markt\" \/>\n<meta property=\"og:description\" content=\"Dekoratif Sepet\" \/>\n<meta property=\"og:url\" content=\"https:\/\/de.hesmarkt.com\/produkt\/alacati\/\" \/>\n<meta property=\"og:site_name\" content=\"Hes Markt\" \/>\n<meta property=\"article:modified_time\" content=\"2021-05-27T14:13:42+00:00\" \/>\n<meta property=\"og:image\" content=\"https:\/\/de.hesmarkt.com\/wp-content\/uploads\/2021\/05\/ALACATI_1.jpg\" \/>\n\t<meta property=\"og:image:width\" content=\"800\" \/>\n\t<meta property=\"og:image:height\" content=\"600\" \/>\n\t<meta property=\"og:image:type\" content=\"image\/jpeg\" \/>\n<meta name=\"twitter:card\" content=\"summary_large_image\" \/>\n<meta name=\"twitter:label1\" content=\"Est. reading time\" \/>\n\t<meta name=\"twitter:data1\" content=\"1 minute\" \/>\n<script type=\"application\/ld+json\" class=\"yoast-schema-graph\">{\"@context\":\"https:\/\/schema.org\",\"@graph\":[{\"@type\":\"WebSite\",\"@id\":\"https:\/\/de.hesmarkt.com\/#website\",\"url\":\"https:\/\/de.hesmarkt.com\/\",\"name\":\"Hes Markt\",\"description\":\"\",\"potentialAction\":[{\"@type\":\"SearchAction\",\"target\":{\"@type\":\"EntryPoint\",\"urlTemplate\":\"https:\/\/de.hesmarkt.com\/?s={search_term_string}\"},\"query-input\":\"required name=search_term_string\"}],\"inLanguage\":\"en-US\"},{\"@type\":\"ImageObject\",\"inLanguage\":\"en-US\",\"@id\":\"https:\/\/de.hesmarkt.com\/produkt\/alacati\/#primaryimage\",\"url\":\"https:\/\/de.hesmarkt.com\/wp-content\/uploads\/2021\/05\/ALACATI_1.jpg\",\"contentUrl\":\"https:\/\/de.hesmarkt.com\/wp-content\/uploads\/2021\/05\/ALACATI_1.jpg\",\"width\":800,\"height\":600},{\"@type\":\"WebPage\",\"@id\":\"https:\/\/de.hesmarkt.com\/produkt\/alacati\/#webpage\",\"url\":\"https:\/\/de.hesmarkt.com\/produkt\/alacati\/\",\"name\":\"Ala\u00e7at\u0131 - Hes Markt\",\"isPartOf\":{\"@id\":\"https:\/\/de.hesmarkt.com\/#website\"},\"primaryImageOfPage\":{\"@id\":\"https:\/\/de.hesmarkt.com\/produkt\/alacati\/#primaryimage\"},\"datePublished\":\"2021-05-07T13:57:24+00:00\",\"dateModified\":\"2021-05-27T14:13:42+00:00\",\"breadcrumb\":{\"@id\":\"https:\/\/de.hesmarkt.com\/produkt\/alacati\/#breadcrumb\"},\"inLanguage\":\"en-US\",\"potentialAction\":[{\"@type\":\"ReadAction\",\"target\":[\"https:\/\/de.hesmarkt.com\/produkt\/alacati\/\"]}]},{\"@type\":\"BreadcrumbList\",\"@id\":\"https:\/\/de.hesmarkt.com\/produkt\/alacati\/#breadcrumb\",\"itemListElement\":[{\"@type\":\"ListItem\",\"position\":1,\"name\":\"Anasayfa\",\"item\":\"https:\/\/de.hesmarkt.com\/en\/\"},{\"@type\":\"ListItem\",\"position\":2,\"name\":\"Shop\",\"item\":\"https:\/\/de.hesmarkt.com\/en\/shop-2\/\"},{\"@type\":\"ListItem\",\"position\":3,\"name\":\"Ala\u00e7at\u0131\"}]}]}<\/script>\n<!-- \/ Yoast SEO plugin. -->","yoast_head_json":{"title":"Ala\u00e7at\u0131 - Hes Markt","robots":{"index":"index","follow":"follow","max-snippet":"max-snippet:-1","max-image-preview":"max-image-preview:large","max-video-preview":"max-video-preview:-1"},"canonical":"https:\/\/de.hesmarkt.com\/produkt\/alacati\/","og_locale":"en_US","og_type":"article","og_title":"Ala\u00e7at\u0131 - Hes Markt","og_description":"Dekoratif Sepet","og_url":"https:\/\/de.hesmarkt.com\/produkt\/alacati\/","og_site_name":"Hes Markt","article_modified_time":"2021-05-27T14:13:42+00:00","og_image":[{"width":800,"height":600,"url":"https:\/\/de.hesmarkt.com\/wp-content\/uploads\/2021\/05\/ALACATI_1.jpg","type":"image\/jpeg"}],"twitter_card":"summary_large_image","twitter_misc":{"Est. reading time":"1 minute"},"schema":{"@context":"https:\/\/schema.org","@graph":[{"@type":"WebSite","@id":"https:\/\/de.hesmarkt.com\/#website","url":"https:\/\/de.hesmarkt.com\/","name":"Hes Markt","description":"","potentialAction":[{"@type":"SearchAction","target":{"@type":"EntryPoint","urlTemplate":"https:\/\/de.hesmarkt.com\/?s={search_term_string}"},"query-input":"required name=search_term_string"}],"inLanguage":"en-US"},{"@type":"ImageObject","inLanguage":"en-US","@id":"https:\/\/de.hesmarkt.com\/produkt\/alacati\/#primaryimage","url":"https:\/\/de.hesmarkt.com\/wp-content\/uploads\/2021\/05\/ALACATI_1.jpg","contentUrl":"https:\/\/de.hesmarkt.com\/wp-content\/uploads\/2021\/05\/ALACATI_1.jpg","width":800,"height":600},{"@type":"WebPage","@id":"https:\/\/de.hesmarkt.com\/produkt\/alacati\/#webpage","url":"https:\/\/de.hesmarkt.com\/produkt\/alacati\/","name":"Ala\u00e7at\u0131 - Hes Markt","isPartOf":{"@id":"https:\/\/de.hesmarkt.com\/#website"},"primaryImageOfPage":{"@id":"https:\/\/de.hesmarkt.com\/produkt\/alacati\/#primaryimage"},"datePublished":"2021-05-07T13:57:24+00:00","dateModified":"2021-05-27T14:13:42+00:00","breadcrumb":{"@id":"https:\/\/de.hesmarkt.com\/produkt\/alacati\/#breadcrumb"},"inLanguage":"en-US","potentialAction":[{"@type":"ReadAction","target":["https:\/\/de.hesmarkt.com\/produkt\/alacati\/"]}]},{"@type":"BreadcrumbList","@id":"https:\/\/de.hesmarkt.com\/produkt\/alacati\/#breadcrumb","itemListElement":[{"@type":"ListItem","position":1,"name":"Anasayfa","item":"https:\/\/de.hesmarkt.com\/en\/"},{"@type":"ListItem","position":2,"name":"Shop","item":"https:\/\/de.hesmarkt.com\/en\/shop-2\/"},{"@type":"ListItem","position":3,"name":"Ala\u00e7at\u0131"}]}]}},"_links":{"self":[{"href":"https:\/\/de.hesmarkt.com\/en\/wp-json\/wp\/v2\/product\/14525"}],"collection":[{"href":"https:\/\/de.hesmarkt.com\/en\/wp-json\/wp\/v2\/product"}],"about":[{"href":"https:\/\/de.hesmarkt.com\/en\/wp-json\/wp\/v2\/types\/product"}],"wp:featuredmedia":[{"embeddable":true,"href":"https:\/\/de.hesmarkt.com\/en\/wp-json\/wp\/v2\/media\/14526"}],"wp:attachment":[{"href":"https:\/\/de.hesmarkt.com\/en\/wp-json\/wp\/v2\/media?parent=14525"}],"wp:term":[{"taxonomy":"product_cat","embeddable":true,"href":"https:\/\/de.hesmarkt.com\/en\/wp-json\/wp\/v2\/product_cat?post=14525"},{"taxonomy":"product_tag","embeddable":true,"href":"https:\/\/de.hesmarkt.com\/en\/wp-json\/wp\/v2\/product_tag?post=14525"}],"curies":[{"name":"wp","href":"https:\/\/api.w.org\/{rel}","templated":true}]}}