{"id":14650,"date":"2021-05-07T18:14:56","date_gmt":"2021-05-07T15:14:56","guid":{"rendered":"https:\/\/de.hesmarkt.com\/?post_type=product&#038;p=14650"},"modified":"2021-06-17T13:48:03","modified_gmt":"2021-06-17T10:48:03","slug":"mia-wallace-2","status":"publish","type":"product","link":"https:\/\/de.hesmarkt.com\/en\/produkt\/mia-wallace-2\/","title":{"rendered":"Mia Wallace"},"content":{"rendered":"<ul>\n<li>Mia Wallace duvar tablosu, metal cnc kesim yap\u0131larak tek par\u00e7a olarak \u00fcretilmi\u015ftir.<\/li>\n<li>Mat siyah elektrostatik boya ile renklendirilmi\u015ftir.<\/li>\n<li>Oturma odalar\u0131, salon, antre, mutfak, \u00e7ocuk odas\u0131, banyo i\u00e7in uygundur.<\/li>\n<li>Duvardan 1 cm \u00f6nde durmaktad\u0131r.<\/li>\n<li>Montaja Haz\u0131r (\u00dcr\u00fcn\u00fcn arka y\u00fczeyindeki ask\u0131 aparat\u0131 ile bir \u00e7ivi veya vidaya asman\u0131z yeterlidir)<\/li>\n<li>T\u00fcrkiye\u2019de \u00fcretilmi\u015ftir.<\/li>\n<li>Dayan\u0131kl\u0131, \u00e7evreye duyarl\u0131 ve kolay temizleme imk\u00e2n\u0131 sunan dekoratif metal duvar tablolar\u0131 uzun y\u0131llar kullanabilirsiniz.<\/li>\n<\/ul>\n","protected":false},"excerpt":{"rendered":"<p>Dekoratif Duvar Tablosu<\/p>\n","protected":false},"featured_media":14651,"template":"","meta":[],"product_cat":[159],"product_tag":[],"yoast_head":"<!-- This site is optimized with the Yoast SEO plugin v18.8 - https:\/\/yoast.com\/wordpress\/plugins\/seo\/ -->\n<title>Mia Wallace - Hes Markt<\/title>\n<meta name=\"robots\" content=\"index, follow, max-snippet:-1, max-image-preview:large, max-video-preview:-1\" \/>\n<link rel=\"canonical\" href=\"https:\/\/de.hesmarkt.com\/produkt\/mia-wallace-2\/\" \/>\n<meta property=\"og:locale\" content=\"en_US\" \/>\n<meta property=\"og:type\" content=\"article\" \/>\n<meta property=\"og:title\" content=\"Mia Wallace - Hes Markt\" \/>\n<meta property=\"og:description\" content=\"Dekoratif Duvar Tablosu\" \/>\n<meta property=\"og:url\" content=\"https:\/\/de.hesmarkt.com\/produkt\/mia-wallace-2\/\" \/>\n<meta property=\"og:site_name\" content=\"Hes Markt\" \/>\n<meta property=\"article:modified_time\" content=\"2021-06-17T10:48:03+00:00\" \/>\n<meta property=\"og:image\" content=\"https:\/\/de.hesmarkt.com\/wp-content\/uploads\/2021\/05\/mia-wallace_1-1.jpg\" \/>\n\t<meta property=\"og:image:width\" content=\"800\" \/>\n\t<meta property=\"og:image:height\" content=\"600\" \/>\n\t<meta property=\"og:image:type\" content=\"image\/jpeg\" \/>\n<meta name=\"twitter:card\" content=\"summary_large_image\" \/>\n<script type=\"application\/ld+json\" class=\"yoast-schema-graph\">{\"@context\":\"https:\/\/schema.org\",\"@graph\":[{\"@type\":\"WebSite\",\"@id\":\"https:\/\/de.hesmarkt.com\/#website\",\"url\":\"https:\/\/de.hesmarkt.com\/\",\"name\":\"Hes Markt\",\"description\":\"\",\"potentialAction\":[{\"@type\":\"SearchAction\",\"target\":{\"@type\":\"EntryPoint\",\"urlTemplate\":\"https:\/\/de.hesmarkt.com\/?s={search_term_string}\"},\"query-input\":\"required name=search_term_string\"}],\"inLanguage\":\"en-US\"},{\"@type\":\"ImageObject\",\"inLanguage\":\"en-US\",\"@id\":\"https:\/\/de.hesmarkt.com\/produkt\/mia-wallace-2\/#primaryimage\",\"url\":\"https:\/\/de.hesmarkt.com\/wp-content\/uploads\/2021\/05\/mia-wallace_1-1.jpg\",\"contentUrl\":\"https:\/\/de.hesmarkt.com\/wp-content\/uploads\/2021\/05\/mia-wallace_1-1.jpg\",\"width\":800,\"height\":600},{\"@type\":\"WebPage\",\"@id\":\"https:\/\/de.hesmarkt.com\/produkt\/mia-wallace-2\/#webpage\",\"url\":\"https:\/\/de.hesmarkt.com\/produkt\/mia-wallace-2\/\",\"name\":\"Mia Wallace - Hes Markt\",\"isPartOf\":{\"@id\":\"https:\/\/de.hesmarkt.com\/#website\"},\"primaryImageOfPage\":{\"@id\":\"https:\/\/de.hesmarkt.com\/produkt\/mia-wallace-2\/#primaryimage\"},\"datePublished\":\"2021-05-07T15:14:56+00:00\",\"dateModified\":\"2021-06-17T10:48:03+00:00\",\"breadcrumb\":{\"@id\":\"https:\/\/de.hesmarkt.com\/produkt\/mia-wallace-2\/#breadcrumb\"},\"inLanguage\":\"en-US\",\"potentialAction\":[{\"@type\":\"ReadAction\",\"target\":[\"https:\/\/de.hesmarkt.com\/produkt\/mia-wallace-2\/\"]}]},{\"@type\":\"BreadcrumbList\",\"@id\":\"https:\/\/de.hesmarkt.com\/produkt\/mia-wallace-2\/#breadcrumb\",\"itemListElement\":[{\"@type\":\"ListItem\",\"position\":1,\"name\":\"Anasayfa\",\"item\":\"https:\/\/de.hesmarkt.com\/en\/\"},{\"@type\":\"ListItem\",\"position\":2,\"name\":\"Shop\",\"item\":\"https:\/\/de.hesmarkt.com\/en\/shop-2\/\"},{\"@type\":\"ListItem\",\"position\":3,\"name\":\"Mia Wallace\"}]}]}<\/script>\n<!-- \/ Yoast SEO plugin. -->","yoast_head_json":{"title":"Mia Wallace - Hes Markt","robots":{"index":"index","follow":"follow","max-snippet":"max-snippet:-1","max-image-preview":"max-image-preview:large","max-video-preview":"max-video-preview:-1"},"canonical":"https:\/\/de.hesmarkt.com\/produkt\/mia-wallace-2\/","og_locale":"en_US","og_type":"article","og_title":"Mia Wallace - Hes Markt","og_description":"Dekoratif Duvar Tablosu","og_url":"https:\/\/de.hesmarkt.com\/produkt\/mia-wallace-2\/","og_site_name":"Hes Markt","article_modified_time":"2021-06-17T10:48:03+00:00","og_image":[{"width":800,"height":600,"url":"https:\/\/de.hesmarkt.com\/wp-content\/uploads\/2021\/05\/mia-wallace_1-1.jpg","type":"image\/jpeg"}],"twitter_card":"summary_large_image","schema":{"@context":"https:\/\/schema.org","@graph":[{"@type":"WebSite","@id":"https:\/\/de.hesmarkt.com\/#website","url":"https:\/\/de.hesmarkt.com\/","name":"Hes Markt","description":"","potentialAction":[{"@type":"SearchAction","target":{"@type":"EntryPoint","urlTemplate":"https:\/\/de.hesmarkt.com\/?s={search_term_string}"},"query-input":"required name=search_term_string"}],"inLanguage":"en-US"},{"@type":"ImageObject","inLanguage":"en-US","@id":"https:\/\/de.hesmarkt.com\/produkt\/mia-wallace-2\/#primaryimage","url":"https:\/\/de.hesmarkt.com\/wp-content\/uploads\/2021\/05\/mia-wallace_1-1.jpg","contentUrl":"https:\/\/de.hesmarkt.com\/wp-content\/uploads\/2021\/05\/mia-wallace_1-1.jpg","width":800,"height":600},{"@type":"WebPage","@id":"https:\/\/de.hesmarkt.com\/produkt\/mia-wallace-2\/#webpage","url":"https:\/\/de.hesmarkt.com\/produkt\/mia-wallace-2\/","name":"Mia Wallace - Hes Markt","isPartOf":{"@id":"https:\/\/de.hesmarkt.com\/#website"},"primaryImageOfPage":{"@id":"https:\/\/de.hesmarkt.com\/produkt\/mia-wallace-2\/#primaryimage"},"datePublished":"2021-05-07T15:14:56+00:00","dateModified":"2021-06-17T10:48:03+00:00","breadcrumb":{"@id":"https:\/\/de.hesmarkt.com\/produkt\/mia-wallace-2\/#breadcrumb"},"inLanguage":"en-US","potentialAction":[{"@type":"ReadAction","target":["https:\/\/de.hesmarkt.com\/produkt\/mia-wallace-2\/"]}]},{"@type":"BreadcrumbList","@id":"https:\/\/de.hesmarkt.com\/produkt\/mia-wallace-2\/#breadcrumb","itemListElement":[{"@type":"ListItem","position":1,"name":"Anasayfa","item":"https:\/\/de.hesmarkt.com\/en\/"},{"@type":"ListItem","position":2,"name":"Shop","item":"https:\/\/de.hesmarkt.com\/en\/shop-2\/"},{"@type":"ListItem","position":3,"name":"Mia Wallace"}]}]}},"_links":{"self":[{"href":"https:\/\/de.hesmarkt.com\/en\/wp-json\/wp\/v2\/product\/14650"}],"collection":[{"href":"https:\/\/de.hesmarkt.com\/en\/wp-json\/wp\/v2\/product"}],"about":[{"href":"https:\/\/de.hesmarkt.com\/en\/wp-json\/wp\/v2\/types\/product"}],"wp:featuredmedia":[{"embeddable":true,"href":"https:\/\/de.hesmarkt.com\/en\/wp-json\/wp\/v2\/media\/14651"}],"wp:attachment":[{"href":"https:\/\/de.hesmarkt.com\/en\/wp-json\/wp\/v2\/media?parent=14650"}],"wp:term":[{"taxonomy":"product_cat","embeddable":true,"href":"https:\/\/de.hesmarkt.com\/en\/wp-json\/wp\/v2\/product_cat?post=14650"},{"taxonomy":"product_tag","embeddable":true,"href":"https:\/\/de.hesmarkt.com\/en\/wp-json\/wp\/v2\/product_tag?post=14650"}],"curies":[{"name":"wp","href":"https:\/\/api.w.org\/{rel}","templated":true}]}}