{"id":15051,"date":"2021-05-18T18:17:04","date_gmt":"2021-05-18T15:17:04","guid":{"rendered":"https:\/\/de.hesmarkt.com\/?post_type=product&#038;p=15051"},"modified":"2021-05-28T13:32:58","modified_gmt":"2021-05-28T10:32:58","slug":"lagos-mavi","status":"publish","type":"product","link":"https:\/\/de.hesmarkt.com\/en\/produkt\/lagos-mavi\/","title":{"rendered":"Lagos Mavi"},"content":{"rendered":"<ul>\n<li>80x 140, 80x 150, 80x 200, 80x 300, 100x 150, 100x 200, 100x 300, 120x 180, 160x 230, 180x 280 cm boyutlar\u0131 mevcuttur.<\/li>\n<li>Nemrut hal\u0131lar % 60 pamuk, %40 polyester ipliklerden makine dokumas\u0131 yap\u0131larak \u00fcretilmi\u015ftir.<\/li>\n<li>Oturma odalar\u0131, salon, antre, mutfak, k\u0131\u015f bah\u00e7esi, \u00e7ocuk odas\u0131, banyo i\u00e7in uygundur.<\/li>\n<li>Ev akarlar\u0131na, toz-t\u00fcy vb alerjisi olanlar ve ast\u0131m hastalar\u0131 rahatl\u0131kla kullanabilir.<\/li>\n<li>30 C\u2019 de narin programda y\u0131kamaya uygundur.<\/li>\n<li>\u00dcr\u00fcn\u00fc kurutma makinesinde kurutmay\u0131n\u0131z, g\u00f6lgede kurutman\u0131z tavsiye edilir, \u0131slak bekletmeyiniz.<\/li>\n<li>\u0130plik t\u00fcr\u00fc: % 60 Pamuk, % 40 polyester<\/li>\n<li>T\u00fcrkiye\u2019de \u00fcretilmi\u015ftir. 4 Mevsim kullan\u0131ma uygundur.<\/li>\n<li>Mutfak hal\u0131lar\u0131, \u00e7ocuk odas\u0131 hal\u0131lar\u0131 ve banyo hal\u0131lar\u0131 haricindeki t\u00fcm \u00fcr\u00fcnlerimiz standart olarak sa\u00e7akl\u0131d\u0131r\/ p\u00fcsk\u00fcll\u00fcd\u00fcr.<\/li>\n<\/ul>\n","protected":false},"excerpt":{"rendered":"<p>\u015e\u00f6nil Hal\u0131<\/p>\n","protected":false},"featured_media":15052,"template":"","meta":[],"product_cat":[169,165],"product_tag":[],"yoast_head":"<!-- This site is optimized with the Yoast SEO plugin v18.8 - https:\/\/yoast.com\/wordpress\/plugins\/seo\/ -->\n<title>Lagos Mavi - Hes Markt<\/title>\n<meta name=\"robots\" content=\"index, follow, max-snippet:-1, max-image-preview:large, max-video-preview:-1\" \/>\n<link rel=\"canonical\" href=\"https:\/\/de.hesmarkt.com\/produkt\/lagos-mavi\/\" \/>\n<meta property=\"og:locale\" content=\"en_US\" \/>\n<meta property=\"og:type\" content=\"article\" \/>\n<meta property=\"og:title\" content=\"Lagos Mavi - Hes Markt\" \/>\n<meta property=\"og:description\" content=\"\u015e\u00f6nil Hal\u0131\" \/>\n<meta property=\"og:url\" content=\"https:\/\/de.hesmarkt.com\/produkt\/lagos-mavi\/\" \/>\n<meta property=\"og:site_name\" content=\"Hes Markt\" \/>\n<meta property=\"article:modified_time\" content=\"2021-05-28T10:32:58+00:00\" \/>\n<meta property=\"og:image\" content=\"https:\/\/de.hesmarkt.com\/wp-content\/uploads\/2021\/05\/LAGOS-MAVI.jpg\" \/>\n\t<meta property=\"og:image:width\" content=\"800\" \/>\n\t<meta property=\"og:image:height\" content=\"600\" \/>\n\t<meta property=\"og:image:type\" content=\"image\/jpeg\" \/>\n<meta name=\"twitter:card\" content=\"summary_large_image\" \/>\n<meta name=\"twitter:label1\" content=\"Est. reading time\" \/>\n\t<meta name=\"twitter:data1\" content=\"1 minute\" \/>\n<script type=\"application\/ld+json\" class=\"yoast-schema-graph\">{\"@context\":\"https:\/\/schema.org\",\"@graph\":[{\"@type\":\"WebSite\",\"@id\":\"https:\/\/de.hesmarkt.com\/#website\",\"url\":\"https:\/\/de.hesmarkt.com\/\",\"name\":\"Hes Markt\",\"description\":\"\",\"potentialAction\":[{\"@type\":\"SearchAction\",\"target\":{\"@type\":\"EntryPoint\",\"urlTemplate\":\"https:\/\/de.hesmarkt.com\/?s={search_term_string}\"},\"query-input\":\"required name=search_term_string\"}],\"inLanguage\":\"en-US\"},{\"@type\":\"ImageObject\",\"inLanguage\":\"en-US\",\"@id\":\"https:\/\/de.hesmarkt.com\/produkt\/lagos-mavi\/#primaryimage\",\"url\":\"https:\/\/de.hesmarkt.com\/wp-content\/uploads\/2021\/05\/LAGOS-MAVI.jpg\",\"contentUrl\":\"https:\/\/de.hesmarkt.com\/wp-content\/uploads\/2021\/05\/LAGOS-MAVI.jpg\",\"width\":800,\"height\":600},{\"@type\":\"WebPage\",\"@id\":\"https:\/\/de.hesmarkt.com\/produkt\/lagos-mavi\/#webpage\",\"url\":\"https:\/\/de.hesmarkt.com\/produkt\/lagos-mavi\/\",\"name\":\"Lagos Mavi - Hes Markt\",\"isPartOf\":{\"@id\":\"https:\/\/de.hesmarkt.com\/#website\"},\"primaryImageOfPage\":{\"@id\":\"https:\/\/de.hesmarkt.com\/produkt\/lagos-mavi\/#primaryimage\"},\"datePublished\":\"2021-05-18T15:17:04+00:00\",\"dateModified\":\"2021-05-28T10:32:58+00:00\",\"breadcrumb\":{\"@id\":\"https:\/\/de.hesmarkt.com\/produkt\/lagos-mavi\/#breadcrumb\"},\"inLanguage\":\"en-US\",\"potentialAction\":[{\"@type\":\"ReadAction\",\"target\":[\"https:\/\/de.hesmarkt.com\/produkt\/lagos-mavi\/\"]}]},{\"@type\":\"BreadcrumbList\",\"@id\":\"https:\/\/de.hesmarkt.com\/produkt\/lagos-mavi\/#breadcrumb\",\"itemListElement\":[{\"@type\":\"ListItem\",\"position\":1,\"name\":\"Anasayfa\",\"item\":\"https:\/\/de.hesmarkt.com\/en\/\"},{\"@type\":\"ListItem\",\"position\":2,\"name\":\"Shop\",\"item\":\"https:\/\/de.hesmarkt.com\/en\/shop-2\/\"},{\"@type\":\"ListItem\",\"position\":3,\"name\":\"Lagos Mavi\"}]}]}<\/script>\n<!-- \/ Yoast SEO plugin. -->","yoast_head_json":{"title":"Lagos Mavi - Hes Markt","robots":{"index":"index","follow":"follow","max-snippet":"max-snippet:-1","max-image-preview":"max-image-preview:large","max-video-preview":"max-video-preview:-1"},"canonical":"https:\/\/de.hesmarkt.com\/produkt\/lagos-mavi\/","og_locale":"en_US","og_type":"article","og_title":"Lagos Mavi - Hes Markt","og_description":"\u015e\u00f6nil Hal\u0131","og_url":"https:\/\/de.hesmarkt.com\/produkt\/lagos-mavi\/","og_site_name":"Hes Markt","article_modified_time":"2021-05-28T10:32:58+00:00","og_image":[{"width":800,"height":600,"url":"https:\/\/de.hesmarkt.com\/wp-content\/uploads\/2021\/05\/LAGOS-MAVI.jpg","type":"image\/jpeg"}],"twitter_card":"summary_large_image","twitter_misc":{"Est. reading time":"1 minute"},"schema":{"@context":"https:\/\/schema.org","@graph":[{"@type":"WebSite","@id":"https:\/\/de.hesmarkt.com\/#website","url":"https:\/\/de.hesmarkt.com\/","name":"Hes Markt","description":"","potentialAction":[{"@type":"SearchAction","target":{"@type":"EntryPoint","urlTemplate":"https:\/\/de.hesmarkt.com\/?s={search_term_string}"},"query-input":"required name=search_term_string"}],"inLanguage":"en-US"},{"@type":"ImageObject","inLanguage":"en-US","@id":"https:\/\/de.hesmarkt.com\/produkt\/lagos-mavi\/#primaryimage","url":"https:\/\/de.hesmarkt.com\/wp-content\/uploads\/2021\/05\/LAGOS-MAVI.jpg","contentUrl":"https:\/\/de.hesmarkt.com\/wp-content\/uploads\/2021\/05\/LAGOS-MAVI.jpg","width":800,"height":600},{"@type":"WebPage","@id":"https:\/\/de.hesmarkt.com\/produkt\/lagos-mavi\/#webpage","url":"https:\/\/de.hesmarkt.com\/produkt\/lagos-mavi\/","name":"Lagos Mavi - Hes Markt","isPartOf":{"@id":"https:\/\/de.hesmarkt.com\/#website"},"primaryImageOfPage":{"@id":"https:\/\/de.hesmarkt.com\/produkt\/lagos-mavi\/#primaryimage"},"datePublished":"2021-05-18T15:17:04+00:00","dateModified":"2021-05-28T10:32:58+00:00","breadcrumb":{"@id":"https:\/\/de.hesmarkt.com\/produkt\/lagos-mavi\/#breadcrumb"},"inLanguage":"en-US","potentialAction":[{"@type":"ReadAction","target":["https:\/\/de.hesmarkt.com\/produkt\/lagos-mavi\/"]}]},{"@type":"BreadcrumbList","@id":"https:\/\/de.hesmarkt.com\/produkt\/lagos-mavi\/#breadcrumb","itemListElement":[{"@type":"ListItem","position":1,"name":"Anasayfa","item":"https:\/\/de.hesmarkt.com\/en\/"},{"@type":"ListItem","position":2,"name":"Shop","item":"https:\/\/de.hesmarkt.com\/en\/shop-2\/"},{"@type":"ListItem","position":3,"name":"Lagos Mavi"}]}]}},"_links":{"self":[{"href":"https:\/\/de.hesmarkt.com\/en\/wp-json\/wp\/v2\/product\/15051"}],"collection":[{"href":"https:\/\/de.hesmarkt.com\/en\/wp-json\/wp\/v2\/product"}],"about":[{"href":"https:\/\/de.hesmarkt.com\/en\/wp-json\/wp\/v2\/types\/product"}],"wp:featuredmedia":[{"embeddable":true,"href":"https:\/\/de.hesmarkt.com\/en\/wp-json\/wp\/v2\/media\/15052"}],"wp:attachment":[{"href":"https:\/\/de.hesmarkt.com\/en\/wp-json\/wp\/v2\/media?parent=15051"}],"wp:term":[{"taxonomy":"product_cat","embeddable":true,"href":"https:\/\/de.hesmarkt.com\/en\/wp-json\/wp\/v2\/product_cat?post=15051"},{"taxonomy":"product_tag","embeddable":true,"href":"https:\/\/de.hesmarkt.com\/en\/wp-json\/wp\/v2\/product_tag?post=15051"}],"curies":[{"name":"wp","href":"https:\/\/api.w.org\/{rel}","templated":true}]}}