{"id":15439,"date":"2021-05-19T14:42:43","date_gmt":"2021-05-19T11:42:43","guid":{"rendered":"https:\/\/de.hesmarkt.com\/?post_type=product&#038;p=15439"},"modified":"2021-06-21T12:35:11","modified_gmt":"2021-06-21T09:35:11","slug":"tarz-beyaz-2","status":"publish","type":"product","link":"https:\/\/de.hesmarkt.com\/en\/produkt\/tarz-beyaz-2\/","title":{"rendered":"Tarz Beyaz-"},"content":{"rendered":"<ul>\n<li>80&#215;140, 80&#215;150, 80&#215;200, 80&#215;300, 100&#215;150, 100&#215;200, 100&#215;300, 120&#215;180, 140&#215;200, 160&#215;230, 180&#215;280 cm boyutlar\u0131 mevcuttur.<\/li>\n<li>Pvc tabanl\u0131 hal\u0131lar, kadifemsi tay t\u00fcy\u00fc kuma\u015f \u00fczeri bask\u0131, arada so\u011fuk ge\u00e7irmez s\u00fcnger ve sizi d\u00fc\u015fme- kayma gibi ev kazalar\u0131ndan koruyan ve her zemine tutunabilen, d\u00f6k\u00fclme yapmayan suni deri taban kullan\u0131larak \u00fcretilmi\u015ftir.<\/li>\n<li>Oturma odalar\u0131, salon, antre, mutfak, k\u0131\u015f bah\u00e7esi, \u00e7ocuk odas\u0131 i\u00e7in uygundur.<\/li>\n<li>Ev akarlar\u0131na, toz-t\u00fcy vb alerjisi olanlar ve ast\u0131m hastalar\u0131 rahatl\u0131kla kullanabilir.<\/li>\n<li>30 C\u2019 de narin programda y\u0131kamaya uygundur<\/li>\n<li>\u00dcr\u00fcn\u00fc kurutma makinesinde kurutmay\u0131n\u0131z, g\u00f6lgede kurutman\u0131z tavsiye edilir, \u0131slak bekletmeyiniz.<\/li>\n<li>T\u00fcrkiye\u2019de \u00fcretilmi\u015ftir. 4 Mevsim kullan\u0131ma uygundur.<\/li>\n<li>Mutfak hal\u0131lar\u0131, \u00e7ocuk odas\u0131 hal\u0131lar\u0131 ve banyo hal\u0131lar\u0131 haricindeki t\u00fcm \u00fcr\u00fcnlerimiz standart olarak sa\u00e7akl\u0131d\u0131r\/ p\u00fcsk\u00fcll\u00fcd\u00fcr<\/li>\n<\/ul>\n","protected":false},"excerpt":{"rendered":"<p>Suni Deri Tabanl\u0131 Hal\u0131<\/p>\n","protected":false},"featured_media":15313,"template":"","meta":[],"product_cat":[175],"product_tag":[],"yoast_head":"<!-- This site is optimized with the Yoast SEO plugin v18.8 - https:\/\/yoast.com\/wordpress\/plugins\/seo\/ -->\n<title>Tarz Beyaz- Hes Markt<\/title>\n<meta name=\"robots\" content=\"index, follow, max-snippet:-1, max-image-preview:large, max-video-preview:-1\" \/>\n<link rel=\"canonical\" href=\"https:\/\/de.hesmarkt.com\/produkt\/tarz-beyaz-2\/\" \/>\n<meta property=\"og:locale\" content=\"en_US\" \/>\n<meta property=\"og:type\" content=\"article\" \/>\n<meta property=\"og:title\" content=\"Tarz Beyaz- Hes Markt\" \/>\n<meta property=\"og:description\" content=\"Suni Deri Tabanl\u0131 Hal\u0131\" \/>\n<meta property=\"og:url\" content=\"https:\/\/de.hesmarkt.com\/produkt\/tarz-beyaz-2\/\" \/>\n<meta property=\"og:site_name\" content=\"Hes Markt\" \/>\n<meta property=\"article:modified_time\" content=\"2021-06-21T09:35:11+00:00\" \/>\n<meta property=\"og:image\" content=\"https:\/\/de.hesmarkt.com\/wp-content\/uploads\/2021\/05\/TARZ-BEYAZ-160X230.jpg\" \/>\n\t<meta property=\"og:image:width\" content=\"800\" \/>\n\t<meta property=\"og:image:height\" content=\"600\" \/>\n\t<meta property=\"og:image:type\" content=\"image\/jpeg\" \/>\n<meta name=\"twitter:card\" content=\"summary_large_image\" \/>\n<meta name=\"twitter:label1\" content=\"Est. reading time\" \/>\n\t<meta name=\"twitter:data1\" content=\"1 minute\" \/>\n<script type=\"application\/ld+json\" class=\"yoast-schema-graph\">{\"@context\":\"https:\/\/schema.org\",\"@graph\":[{\"@type\":\"WebSite\",\"@id\":\"https:\/\/de.hesmarkt.com\/#website\",\"url\":\"https:\/\/de.hesmarkt.com\/\",\"name\":\"Hes Markt\",\"description\":\"\",\"potentialAction\":[{\"@type\":\"SearchAction\",\"target\":{\"@type\":\"EntryPoint\",\"urlTemplate\":\"https:\/\/de.hesmarkt.com\/?s={search_term_string}\"},\"query-input\":\"required name=search_term_string\"}],\"inLanguage\":\"en-US\"},{\"@type\":\"ImageObject\",\"inLanguage\":\"en-US\",\"@id\":\"https:\/\/de.hesmarkt.com\/produkt\/tarz-beyaz-2\/#primaryimage\",\"url\":\"https:\/\/de.hesmarkt.com\/wp-content\/uploads\/2021\/05\/TARZ-BEYAZ-160X230.jpg\",\"contentUrl\":\"https:\/\/de.hesmarkt.com\/wp-content\/uploads\/2021\/05\/TARZ-BEYAZ-160X230.jpg\",\"width\":800,\"height\":600},{\"@type\":\"WebPage\",\"@id\":\"https:\/\/de.hesmarkt.com\/produkt\/tarz-beyaz-2\/#webpage\",\"url\":\"https:\/\/de.hesmarkt.com\/produkt\/tarz-beyaz-2\/\",\"name\":\"Tarz Beyaz- Hes Markt\",\"isPartOf\":{\"@id\":\"https:\/\/de.hesmarkt.com\/#website\"},\"primaryImageOfPage\":{\"@id\":\"https:\/\/de.hesmarkt.com\/produkt\/tarz-beyaz-2\/#primaryimage\"},\"datePublished\":\"2021-05-19T11:42:43+00:00\",\"dateModified\":\"2021-06-21T09:35:11+00:00\",\"breadcrumb\":{\"@id\":\"https:\/\/de.hesmarkt.com\/produkt\/tarz-beyaz-2\/#breadcrumb\"},\"inLanguage\":\"en-US\",\"potentialAction\":[{\"@type\":\"ReadAction\",\"target\":[\"https:\/\/de.hesmarkt.com\/produkt\/tarz-beyaz-2\/\"]}]},{\"@type\":\"BreadcrumbList\",\"@id\":\"https:\/\/de.hesmarkt.com\/produkt\/tarz-beyaz-2\/#breadcrumb\",\"itemListElement\":[{\"@type\":\"ListItem\",\"position\":1,\"name\":\"Anasayfa\",\"item\":\"https:\/\/de.hesmarkt.com\/en\/\"},{\"@type\":\"ListItem\",\"position\":2,\"name\":\"Shop\",\"item\":\"https:\/\/de.hesmarkt.com\/en\/shop-2\/\"},{\"@type\":\"ListItem\",\"position\":3,\"name\":\"Tarz Beyaz-\"}]}]}<\/script>\n<!-- \/ Yoast SEO plugin. -->","yoast_head_json":{"title":"Tarz Beyaz- Hes Markt","robots":{"index":"index","follow":"follow","max-snippet":"max-snippet:-1","max-image-preview":"max-image-preview:large","max-video-preview":"max-video-preview:-1"},"canonical":"https:\/\/de.hesmarkt.com\/produkt\/tarz-beyaz-2\/","og_locale":"en_US","og_type":"article","og_title":"Tarz Beyaz- Hes Markt","og_description":"Suni Deri Tabanl\u0131 Hal\u0131","og_url":"https:\/\/de.hesmarkt.com\/produkt\/tarz-beyaz-2\/","og_site_name":"Hes Markt","article_modified_time":"2021-06-21T09:35:11+00:00","og_image":[{"width":800,"height":600,"url":"https:\/\/de.hesmarkt.com\/wp-content\/uploads\/2021\/05\/TARZ-BEYAZ-160X230.jpg","type":"image\/jpeg"}],"twitter_card":"summary_large_image","twitter_misc":{"Est. reading time":"1 minute"},"schema":{"@context":"https:\/\/schema.org","@graph":[{"@type":"WebSite","@id":"https:\/\/de.hesmarkt.com\/#website","url":"https:\/\/de.hesmarkt.com\/","name":"Hes Markt","description":"","potentialAction":[{"@type":"SearchAction","target":{"@type":"EntryPoint","urlTemplate":"https:\/\/de.hesmarkt.com\/?s={search_term_string}"},"query-input":"required name=search_term_string"}],"inLanguage":"en-US"},{"@type":"ImageObject","inLanguage":"en-US","@id":"https:\/\/de.hesmarkt.com\/produkt\/tarz-beyaz-2\/#primaryimage","url":"https:\/\/de.hesmarkt.com\/wp-content\/uploads\/2021\/05\/TARZ-BEYAZ-160X230.jpg","contentUrl":"https:\/\/de.hesmarkt.com\/wp-content\/uploads\/2021\/05\/TARZ-BEYAZ-160X230.jpg","width":800,"height":600},{"@type":"WebPage","@id":"https:\/\/de.hesmarkt.com\/produkt\/tarz-beyaz-2\/#webpage","url":"https:\/\/de.hesmarkt.com\/produkt\/tarz-beyaz-2\/","name":"Tarz Beyaz- Hes Markt","isPartOf":{"@id":"https:\/\/de.hesmarkt.com\/#website"},"primaryImageOfPage":{"@id":"https:\/\/de.hesmarkt.com\/produkt\/tarz-beyaz-2\/#primaryimage"},"datePublished":"2021-05-19T11:42:43+00:00","dateModified":"2021-06-21T09:35:11+00:00","breadcrumb":{"@id":"https:\/\/de.hesmarkt.com\/produkt\/tarz-beyaz-2\/#breadcrumb"},"inLanguage":"en-US","potentialAction":[{"@type":"ReadAction","target":["https:\/\/de.hesmarkt.com\/produkt\/tarz-beyaz-2\/"]}]},{"@type":"BreadcrumbList","@id":"https:\/\/de.hesmarkt.com\/produkt\/tarz-beyaz-2\/#breadcrumb","itemListElement":[{"@type":"ListItem","position":1,"name":"Anasayfa","item":"https:\/\/de.hesmarkt.com\/en\/"},{"@type":"ListItem","position":2,"name":"Shop","item":"https:\/\/de.hesmarkt.com\/en\/shop-2\/"},{"@type":"ListItem","position":3,"name":"Tarz Beyaz-"}]}]}},"_links":{"self":[{"href":"https:\/\/de.hesmarkt.com\/en\/wp-json\/wp\/v2\/product\/15439"}],"collection":[{"href":"https:\/\/de.hesmarkt.com\/en\/wp-json\/wp\/v2\/product"}],"about":[{"href":"https:\/\/de.hesmarkt.com\/en\/wp-json\/wp\/v2\/types\/product"}],"wp:featuredmedia":[{"embeddable":true,"href":"https:\/\/de.hesmarkt.com\/en\/wp-json\/wp\/v2\/media\/15313"}],"wp:attachment":[{"href":"https:\/\/de.hesmarkt.com\/en\/wp-json\/wp\/v2\/media?parent=15439"}],"wp:term":[{"taxonomy":"product_cat","embeddable":true,"href":"https:\/\/de.hesmarkt.com\/en\/wp-json\/wp\/v2\/product_cat?post=15439"},{"taxonomy":"product_tag","embeddable":true,"href":"https:\/\/de.hesmarkt.com\/en\/wp-json\/wp\/v2\/product_tag?post=15439"}],"curies":[{"name":"wp","href":"https:\/\/api.w.org\/{rel}","templated":true}]}}