{"id":18447,"date":"2021-06-15T13:08:47","date_gmt":"2021-06-15T10:08:47","guid":{"rendered":"https:\/\/de.hesmarkt.com\/?post_type=product&#038;p=18447"},"modified":"2021-06-15T13:08:47","modified_gmt":"2021-06-15T10:08:47","slug":"bunny","status":"publish","type":"product","link":"https:\/\/de.hesmarkt.com\/en\/produkt\/bunny\/","title":{"rendered":"Bunny"},"content":{"rendered":"<ul>\n<li>Renkli Bunny dekoratif heykel, polyester malzemeden, d\u00f6k\u00fcm\u00fc ve boyamas\u0131 d\u00e2hil tamam\u0131yla el i\u015f\u00e7ili\u011fiyle \u00fcretilmi\u015ftir.<\/li>\n<li>Tek par\u00e7a olarak sat\u0131lmaktad\u0131r<\/li>\n<li>Evinizde veya bah\u00e7enizde dekor ama\u00e7l\u0131 kullan\u0131ma uygundur.<\/li>\n<li>Nemli bezle temizlemeniz \u00f6nerilir.<\/li>\n<li>El i\u015f\u00e7ili\u011fi ile \u00fcretildi\u011finden renk yo\u011funlu\u011funda ufak farkl\u0131l\u0131klar olabilir.<\/li>\n<li>T\u00fcrkiye\u2019de \u00fcretilmi\u015ftir.<\/li>\n<li>Dayan\u0131kl\u0131, \u00e7evreye duyarl\u0131 ve kolay temizleme imk\u00e2n\u0131 sunan dekoratif heykelleri uzun y\u0131llar kullanabilirsiniz.<\/li>\n<\/ul>\n","protected":false},"excerpt":{"rendered":"<p>Dekoratif Heykel<\/p>\n","protected":false},"featured_media":18449,"template":"","meta":[],"product_cat":[163],"product_tag":[],"yoast_head":"<!-- This site is optimized with the Yoast SEO plugin v18.8 - https:\/\/yoast.com\/wordpress\/plugins\/seo\/ -->\n<title>Bunny - Hes Markt<\/title>\n<meta name=\"robots\" content=\"index, follow, max-snippet:-1, max-image-preview:large, max-video-preview:-1\" \/>\n<link rel=\"canonical\" href=\"https:\/\/de.hesmarkt.com\/produkt\/bunny\/\" \/>\n<meta property=\"og:locale\" content=\"en_US\" \/>\n<meta property=\"og:type\" content=\"article\" \/>\n<meta property=\"og:title\" content=\"Bunny - Hes Markt\" \/>\n<meta property=\"og:description\" content=\"Dekoratif Heykel\" \/>\n<meta property=\"og:url\" content=\"https:\/\/de.hesmarkt.com\/produkt\/bunny\/\" \/>\n<meta property=\"og:site_name\" content=\"Hes Markt\" \/>\n<meta property=\"og:image\" content=\"https:\/\/de.hesmarkt.com\/wp-content\/uploads\/2021\/06\/BUNNY-2.jpg\" \/>\n\t<meta property=\"og:image:width\" content=\"800\" \/>\n\t<meta property=\"og:image:height\" content=\"600\" \/>\n\t<meta property=\"og:image:type\" content=\"image\/jpeg\" \/>\n<meta name=\"twitter:card\" content=\"summary_large_image\" \/>\n<meta name=\"twitter:label1\" content=\"Est. reading time\" \/>\n\t<meta name=\"twitter:data1\" content=\"1 minute\" \/>\n<script type=\"application\/ld+json\" class=\"yoast-schema-graph\">{\"@context\":\"https:\/\/schema.org\",\"@graph\":[{\"@type\":\"WebSite\",\"@id\":\"https:\/\/de.hesmarkt.com\/#website\",\"url\":\"https:\/\/de.hesmarkt.com\/\",\"name\":\"Hes Markt\",\"description\":\"\",\"potentialAction\":[{\"@type\":\"SearchAction\",\"target\":{\"@type\":\"EntryPoint\",\"urlTemplate\":\"https:\/\/de.hesmarkt.com\/?s={search_term_string}\"},\"query-input\":\"required name=search_term_string\"}],\"inLanguage\":\"en-US\"},{\"@type\":\"ImageObject\",\"inLanguage\":\"en-US\",\"@id\":\"https:\/\/de.hesmarkt.com\/produkt\/bunny\/#primaryimage\",\"url\":\"https:\/\/de.hesmarkt.com\/wp-content\/uploads\/2021\/06\/BUNNY-2.jpg\",\"contentUrl\":\"https:\/\/de.hesmarkt.com\/wp-content\/uploads\/2021\/06\/BUNNY-2.jpg\",\"width\":800,\"height\":600},{\"@type\":\"WebPage\",\"@id\":\"https:\/\/de.hesmarkt.com\/produkt\/bunny\/#webpage\",\"url\":\"https:\/\/de.hesmarkt.com\/produkt\/bunny\/\",\"name\":\"Bunny - Hes Markt\",\"isPartOf\":{\"@id\":\"https:\/\/de.hesmarkt.com\/#website\"},\"primaryImageOfPage\":{\"@id\":\"https:\/\/de.hesmarkt.com\/produkt\/bunny\/#primaryimage\"},\"datePublished\":\"2021-06-15T10:08:47+00:00\",\"dateModified\":\"2021-06-15T10:08:47+00:00\",\"breadcrumb\":{\"@id\":\"https:\/\/de.hesmarkt.com\/produkt\/bunny\/#breadcrumb\"},\"inLanguage\":\"en-US\",\"potentialAction\":[{\"@type\":\"ReadAction\",\"target\":[\"https:\/\/de.hesmarkt.com\/produkt\/bunny\/\"]}]},{\"@type\":\"BreadcrumbList\",\"@id\":\"https:\/\/de.hesmarkt.com\/produkt\/bunny\/#breadcrumb\",\"itemListElement\":[{\"@type\":\"ListItem\",\"position\":1,\"name\":\"Anasayfa\",\"item\":\"https:\/\/de.hesmarkt.com\/en\/\"},{\"@type\":\"ListItem\",\"position\":2,\"name\":\"Shop\",\"item\":\"https:\/\/de.hesmarkt.com\/en\/shop-2\/\"},{\"@type\":\"ListItem\",\"position\":3,\"name\":\"Bunny\"}]}]}<\/script>\n<!-- \/ Yoast SEO plugin. -->","yoast_head_json":{"title":"Bunny - Hes Markt","robots":{"index":"index","follow":"follow","max-snippet":"max-snippet:-1","max-image-preview":"max-image-preview:large","max-video-preview":"max-video-preview:-1"},"canonical":"https:\/\/de.hesmarkt.com\/produkt\/bunny\/","og_locale":"en_US","og_type":"article","og_title":"Bunny - Hes Markt","og_description":"Dekoratif Heykel","og_url":"https:\/\/de.hesmarkt.com\/produkt\/bunny\/","og_site_name":"Hes Markt","og_image":[{"width":800,"height":600,"url":"https:\/\/de.hesmarkt.com\/wp-content\/uploads\/2021\/06\/BUNNY-2.jpg","type":"image\/jpeg"}],"twitter_card":"summary_large_image","twitter_misc":{"Est. reading time":"1 minute"},"schema":{"@context":"https:\/\/schema.org","@graph":[{"@type":"WebSite","@id":"https:\/\/de.hesmarkt.com\/#website","url":"https:\/\/de.hesmarkt.com\/","name":"Hes Markt","description":"","potentialAction":[{"@type":"SearchAction","target":{"@type":"EntryPoint","urlTemplate":"https:\/\/de.hesmarkt.com\/?s={search_term_string}"},"query-input":"required name=search_term_string"}],"inLanguage":"en-US"},{"@type":"ImageObject","inLanguage":"en-US","@id":"https:\/\/de.hesmarkt.com\/produkt\/bunny\/#primaryimage","url":"https:\/\/de.hesmarkt.com\/wp-content\/uploads\/2021\/06\/BUNNY-2.jpg","contentUrl":"https:\/\/de.hesmarkt.com\/wp-content\/uploads\/2021\/06\/BUNNY-2.jpg","width":800,"height":600},{"@type":"WebPage","@id":"https:\/\/de.hesmarkt.com\/produkt\/bunny\/#webpage","url":"https:\/\/de.hesmarkt.com\/produkt\/bunny\/","name":"Bunny - Hes Markt","isPartOf":{"@id":"https:\/\/de.hesmarkt.com\/#website"},"primaryImageOfPage":{"@id":"https:\/\/de.hesmarkt.com\/produkt\/bunny\/#primaryimage"},"datePublished":"2021-06-15T10:08:47+00:00","dateModified":"2021-06-15T10:08:47+00:00","breadcrumb":{"@id":"https:\/\/de.hesmarkt.com\/produkt\/bunny\/#breadcrumb"},"inLanguage":"en-US","potentialAction":[{"@type":"ReadAction","target":["https:\/\/de.hesmarkt.com\/produkt\/bunny\/"]}]},{"@type":"BreadcrumbList","@id":"https:\/\/de.hesmarkt.com\/produkt\/bunny\/#breadcrumb","itemListElement":[{"@type":"ListItem","position":1,"name":"Anasayfa","item":"https:\/\/de.hesmarkt.com\/en\/"},{"@type":"ListItem","position":2,"name":"Shop","item":"https:\/\/de.hesmarkt.com\/en\/shop-2\/"},{"@type":"ListItem","position":3,"name":"Bunny"}]}]}},"_links":{"self":[{"href":"https:\/\/de.hesmarkt.com\/en\/wp-json\/wp\/v2\/product\/18447"}],"collection":[{"href":"https:\/\/de.hesmarkt.com\/en\/wp-json\/wp\/v2\/product"}],"about":[{"href":"https:\/\/de.hesmarkt.com\/en\/wp-json\/wp\/v2\/types\/product"}],"wp:featuredmedia":[{"embeddable":true,"href":"https:\/\/de.hesmarkt.com\/en\/wp-json\/wp\/v2\/media\/18449"}],"wp:attachment":[{"href":"https:\/\/de.hesmarkt.com\/en\/wp-json\/wp\/v2\/media?parent=18447"}],"wp:term":[{"taxonomy":"product_cat","embeddable":true,"href":"https:\/\/de.hesmarkt.com\/en\/wp-json\/wp\/v2\/product_cat?post=18447"},{"taxonomy":"product_tag","embeddable":true,"href":"https:\/\/de.hesmarkt.com\/en\/wp-json\/wp\/v2\/product_tag?post=18447"}],"curies":[{"name":"wp","href":"https:\/\/api.w.org\/{rel}","templated":true}]}}